{"id":10,"date":"2022-04-07T11:22:43","date_gmt":"2022-04-07T11:22:43","guid":{"rendered":"https:\/\/hellixdemos.madrasthemes.com\/about-us\/?page_id=10"},"modified":"2024-12-23T16:28:34","modified_gmt":"2024-12-23T16:28:34","slug":"rreth-nesh","status":"publish","type":"page","link":"https:\/\/creativadesign.al\/en\/rreth-nesh\/","title":{"rendered":"About Us"},"content":{"rendered":"<div data-elementor-type=\"wp-page\" data-elementor-id=\"10\" class=\"elementor elementor-10\">\n\t\t\t\t\t\t<section class=\"elementor-section elementor-top-section elementor-element elementor-element-4716a44e elementor-section-full_width page-masthead bg-image js-lazy loaded page-masthead__bg elementor-section-height-default elementor-section-height-default\" data-id=\"4716a44e\" data-element_type=\"section\" data-e-type=\"section\" data-settings=\"{&quot;background_background&quot;:&quot;classic&quot;}\" data-parallax=\"0.6\">\n\t\t\t\t\t\t<div class=\"elementor-container elementor-column-gap-default container\">\n\t\t\t\t\t<div class=\"elementor-column elementor-col-100 elementor-top-column elementor-element elementor-element-1f62f425\" data-id=\"1f62f425\" data-element_type=\"column\" data-e-type=\"column\">\n\t\t\t<div class=\"p-0 page-masthead__content elementor-widget-wrap elementor-element-populated\">\n\t\t\t\t\t\t<div class=\"elementor-section elementor-inner-section elementor-element elementor-element-3b27743e elementor-section-full_width elementor-section-height-default elementor-section-height-default\" data-id=\"3b27743e\" data-element_type=\"section\" data-e-type=\"section\">\n\t\t\t\t\t\t<div class=\"elementor-container elementor-column-gap-default row justify-content-between md:justify-content-center align-items-center row-margin\">\n\t\t\t\t\t<div class=\"elementor-column elementor-col-100 elementor-inner-column elementor-element elementor-element-57f5b2e1 col-lg-9 col-md-10\" data-id=\"57f5b2e1\" data-element_type=\"column\" data-e-type=\"column\" data-anim=\"slide-up delay-1\">\n\t\t\t<div class=\"p-0 elementor-widget-wrap elementor-element-populated\">\n\t\t\t\t\t\t<div class=\"elementor-element elementor-element-55679c0f position-static elementor-widget elementor-widget-highlighted-heading\" data-id=\"55679c0f\" data-element_type=\"widget\" data-e-type=\"widget\" data-widget_type=\"highlighted-heading.default\">\n\t\t\t\t<div class=\"elementor-widget-container\">\n\t\t\t\t\t<div class=\"highlighted-heading__title page-masthead__back_title\">About Us<\/div>\t\t\t\t<\/div>\n\t\t\t\t<\/div>\n\t\t\t\t<div class=\"elementor-element elementor-element-708a9851 elementor-widget elementor-widget-highlighted-heading\" data-id=\"708a9851\" data-element_type=\"widget\" data-e-type=\"widget\" data-widget_type=\"highlighted-heading.default\">\n\t\t\t\t<div class=\"elementor-widget-container\">\n\t\t\t\t\t<h1 class=\"highlighted-heading__title page-masthead__title text-white\">About Us<\/h1>\t\t\t\t<\/div>\n\t\t\t\t<\/div>\n\t\t\t\t\t<\/div>\n\t\t<\/div>\n\t\t\t\t\t<\/div>\n\t\t<\/div>\n\t\t\t\t\t<\/div>\n\t\t<\/div>\n\t\t\t\t\t<\/div>\n\t\t<\/section>\n\t\t\t\t<section class=\"elementor-section elementor-top-section elementor-element elementor-element-7d06d414 elementor-section-full_width container layout-pt-lg overflow-visible z-2 elementor-section-height-default elementor-section-height-default\" data-id=\"7d06d414\" data-element_type=\"section\" data-e-type=\"section\" data-anim-wrap=\"\">\n\t\t\t\t\t\t<div class=\"elementor-container elementor-column-gap-default  row align-items-center row-margin\">\n\t\t\t\t\t<div class=\"elementor-column elementor-col-50 elementor-top-column elementor-element elementor-element-876c6b9 col-xl-5 col-lg-6 col-md-10\" data-id=\"876c6b9\" data-element_type=\"column\" data-e-type=\"column\" data-settings=\"{&quot;background_background&quot;:&quot;classic&quot;}\">\n\t\t\t<div class=\"p-0  elementor-widget-wrap elementor-element-populated\">\n\t\t\t\t\t\t<div class=\"elementor-element elementor-element-359dc3a aboutBack sm:d-none elementor-widget elementor-widget-image\" data-id=\"359dc3a\" data-element_type=\"widget\" data-e-type=\"widget\" data-widget_type=\"image.default\">\n\t\t\t\t<div class=\"elementor-widget-container\">\n\t\t\t\t\t\t\t\t\t\t\t\t\t\t\t<img fetchpriority=\"high\" decoding=\"async\" width=\"1575\" height=\"1575\" src=\"https:\/\/creativadesign.al\/wp-content\/uploads\/2024\/12\/Logo-Creativa-1-safeimagekit.png\" class=\"img-fluid attachment-full size-full wp-image-14559\" alt=\"\" srcset=\"https:\/\/creativadesign.al\/wp-content\/uploads\/2024\/12\/Logo-Creativa-1-safeimagekit.png 1575w, https:\/\/creativadesign.al\/wp-content\/uploads\/2024\/12\/Logo-Creativa-1-safeimagekit-300x300.png 300w, https:\/\/creativadesign.al\/wp-content\/uploads\/2024\/12\/Logo-Creativa-1-safeimagekit-1024x1024.png 1024w, https:\/\/creativadesign.al\/wp-content\/uploads\/2024\/12\/Logo-Creativa-1-safeimagekit-150x150.png 150w, https:\/\/creativadesign.al\/wp-content\/uploads\/2024\/12\/Logo-Creativa-1-safeimagekit-768x768.png 768w, https:\/\/creativadesign.al\/wp-content\/uploads\/2024\/12\/Logo-Creativa-1-safeimagekit-1536x1536.png 1536w, https:\/\/creativadesign.al\/wp-content\/uploads\/2024\/12\/Logo-Creativa-1-safeimagekit-12x12.png 12w, https:\/\/creativadesign.al\/wp-content\/uploads\/2024\/12\/Logo-Creativa-1-safeimagekit-50x50.png 50w\" sizes=\"(max-width: 1575px) 100vw, 1575px\" \/>\t\t\t\t\t\t\t\t\t\t\t\t\t\t\t<\/div>\n\t\t\t\t<\/div>\n\t\t\t\t<div class=\"elementor-section elementor-inner-section elementor-element elementor-element-30d7e694 elementor-section-full_width elementor-section-height-default elementor-section-height-default\" data-id=\"30d7e694\" data-element_type=\"section\" data-e-type=\"section\">\n\t\t\t\t\t\t<div class=\"elementor-container elementor-column-gap-no no-gutters\">\n\t\t\t\t\t<div class=\"elementor-column elementor-col-100 elementor-inner-column elementor-element elementor-element-6edacd1b sectionHeading -left-line -about pr-12 lg:pr-0\" data-id=\"6edacd1b\" data-element_type=\"column\" data-e-type=\"column\" data-anim-child=\"slide-right delay-8\">\n\t\t\t<div class=\"p-0 elementor-widget-wrap elementor-element-populated\">\n\t\t\t\t\t\t<div class=\"elementor-element elementor-element-3e5a8658 elementor-widget elementor-widget-highlighted-heading\" data-id=\"3e5a8658\" data-element_type=\"widget\" data-e-type=\"widget\" data-widget_type=\"highlighted-heading.default\">\n\t\t\t\t<div class=\"elementor-widget-container\">\n\t\t\t\t\t<span class=\"highlighted-heading__title sectionHeading__subtitle\">Rreth nesh<\/span>\t\t\t\t<\/div>\n\t\t\t\t<\/div>\n\t\t\t\t<div class=\"elementor-element elementor-element-b72a4b6 elementor-widget elementor-widget-highlighted-heading\" data-id=\"b72a4b6\" data-element_type=\"widget\" data-e-type=\"widget\" data-widget_type=\"highlighted-heading.default\">\n\t\t\t\t<div class=\"elementor-widget-container\">\n\t\t\t\t\t<h2 class=\"highlighted-heading__title sectionHeading__title\"><i><h4>CreativA Architectural Design <\/h4><\/i> <h5>the place where creativity and passion come to life<\/h5><\/h2>\t\t\t\t<\/div>\n\t\t\t\t<\/div>\n\t\t\t\t<div class=\"elementor-element elementor-element-1008bcb8 elementor-widget elementor-widget-highlighted-heading\" data-id=\"1008bcb8\" data-element_type=\"widget\" data-e-type=\"widget\" data-widget_type=\"highlighted-heading.default\">\n\t\t\t\t<div class=\"elementor-widget-container\">\n\t\t\t\t\t<p class=\"highlighted-heading__title sectionHeading__text\">At CreativA Architectural Design, we create innovative solutions in architecture and interior design by combining creativity with professionalism. With strong expertise and excellent design skills, we develop functional and aesthetic spaces that inspire living, working, and interaction, both in Albania and beyond. <br><br> Our project spectrum ranges from urban planning and architectural design to detailed interior design. At every stage of the process, we focus on creating spaces that reflect and enhance the human experience, harmonizing aesthetics with functionality.<br><br>  Our mission is to design buildings that not only meet the specific needs of our clients, but also enhance user well-being by delivering unique, customized, and well-defined solutions for every project.<\/p>\t\t\t\t<\/div>\n\t\t\t\t<\/div>\n\t\t\t\t<div class=\"elementor-element elementor-element-3bca7f13 sectionHeading__button elementor-widget elementor-widget-button\" data-id=\"3bca7f13\" data-element_type=\"widget\" data-e-type=\"widget\" data-barba=\"\" data-widget_type=\"button.button-hellix\">\n\t\t\t\t<div class=\"elementor-widget-container\">\n\t\t\t\t\t\t\t<a href=\"https:\/\/creativadesign.al\/en\/projektet-tona-2\/\" class=\"hx-elementor-button hellix-button button  -dark button -md -dark text-white\">\n\t\t\t\t\t\t<span class=\"hellix-elementor-button-text\">READ MORE<\/span>\n\t\t\t\t\t\t\t\n\t\t<\/a>\n\t\t\t\t\t\t<\/div>\n\t\t\t\t<\/div>\n\t\t\t\t\t<\/div>\n\t\t<\/div>\n\t\t\t\t\t<\/div>\n\t\t<\/div>\n\t\t\t\t\t<\/div>\n\t\t<\/div>\n\t\t\t\t<div class=\"elementor-column elementor-col-50 elementor-top-column elementor-element elementor-element-7e5a1065 col-xl-7 col-lg-6 col-12\" data-id=\"7e5a1065\" data-element_type=\"column\" data-e-type=\"column\">\n\t\t\t<div class=\"p-0 overlayImgs md:mt-60 elementor-widget-wrap elementor-element-populated\">\n\t\t\t\t\t\t<div class=\"elementor-element elementor-element-158b51e9 overlayImgs__back elementor-widget elementor-widget-image\" data-id=\"158b51e9\" data-element_type=\"widget\" data-e-type=\"widget\" data-anim-child=\"img-right cover-black\" data-widget_type=\"image.default\">\n\t\t\t\t<div class=\"elementor-widget-container\">\n\t\t\t\t\t\t\t\t\t\t\t\t\t\t\t<img decoding=\"async\" width=\"1500\" height=\"1500\" src=\"https:\/\/creativadesign.al\/wp-content\/uploads\/2024\/11\/ABOUT-US-2.jpg\" class=\"attachment-full size-full wp-image-13866\" alt=\"\" srcset=\"https:\/\/creativadesign.al\/wp-content\/uploads\/2024\/11\/ABOUT-US-2.jpg 1500w, https:\/\/creativadesign.al\/wp-content\/uploads\/2024\/11\/ABOUT-US-2-300x300.jpg 300w, https:\/\/creativadesign.al\/wp-content\/uploads\/2024\/11\/ABOUT-US-2-1024x1024.jpg 1024w, https:\/\/creativadesign.al\/wp-content\/uploads\/2024\/11\/ABOUT-US-2-150x150.jpg 150w, https:\/\/creativadesign.al\/wp-content\/uploads\/2024\/11\/ABOUT-US-2-768x768.jpg 768w, https:\/\/creativadesign.al\/wp-content\/uploads\/2024\/11\/ABOUT-US-2-50x50.jpg 50w\" sizes=\"(max-width: 1500px) 100vw, 1500px\" \/>\t\t\t\t\t\t\t\t\t\t\t\t\t\t\t<\/div>\n\t\t\t\t<\/div>\n\t\t\t\t<div class=\"elementor-element elementor-element-55b0d835 overlayImgs__front -border elementor-widget elementor-widget-image\" data-id=\"55b0d835\" data-element_type=\"widget\" data-e-type=\"widget\" data-anim-child=\"img-right cover-black delay-3\" data-widget_type=\"image.default\">\n\t\t\t\t<div class=\"elementor-widget-container\">\n\t\t\t\t\t\t\t\t\t\t\t\t\t\t\t<img decoding=\"async\" width=\"1500\" height=\"1500\" src=\"https:\/\/creativadesign.al\/wp-content\/uploads\/2024\/11\/ABOUT-US-PAGE.jpeg\" class=\"attachment-full size-full wp-image-13867\" alt=\"\" srcset=\"https:\/\/creativadesign.al\/wp-content\/uploads\/2024\/11\/ABOUT-US-PAGE.jpeg 1500w, https:\/\/creativadesign.al\/wp-content\/uploads\/2024\/11\/ABOUT-US-PAGE-300x300.jpeg 300w, https:\/\/creativadesign.al\/wp-content\/uploads\/2024\/11\/ABOUT-US-PAGE-1024x1024.jpeg 1024w, https:\/\/creativadesign.al\/wp-content\/uploads\/2024\/11\/ABOUT-US-PAGE-150x150.jpeg 150w, https:\/\/creativadesign.al\/wp-content\/uploads\/2024\/11\/ABOUT-US-PAGE-768x768.jpeg 768w, https:\/\/creativadesign.al\/wp-content\/uploads\/2024\/11\/ABOUT-US-PAGE-50x50.jpeg 50w\" sizes=\"(max-width: 1500px) 100vw, 1500px\" \/>\t\t\t\t\t\t\t\t\t\t\t\t\t\t\t<\/div>\n\t\t\t\t<\/div>\n\t\t\t\t\t<\/div>\n\t\t<\/div>\n\t\t\t\t\t<\/div>\n\t\t<\/section>\n\t\t<div class=\"elementor-element elementor-element-e985912 e-flex e-con-boxed e-con e-parent\" data-id=\"e985912\" data-element_type=\"container\" data-e-type=\"container\">\n\t\t\t\t\t<div class=\"e-con-inner\">\n\t\t\t\t<div class=\"elementor-element elementor-element-2a81019 elementor-widget elementor-widget-spacer\" data-id=\"2a81019\" data-element_type=\"widget\" data-e-type=\"widget\" data-widget_type=\"spacer.default\">\n\t\t\t\t<div class=\"elementor-widget-container\">\n\t\t\t\t\t\t\t<div class=\"elementor-spacer\">\n\t\t\t<div class=\"elementor-spacer-inner\"><\/div>\n\t\t<\/div>\n\t\t\t\t\t\t<\/div>\n\t\t\t\t<\/div>\n\t\t\t\t\t<\/div>\n\t\t\t\t<\/div>\n\t\t\t\t<section class=\"elementor-section elementor-top-section elementor-element elementor-element-3167be24 elementor-section-full_width elementor-section-height-default elementor-section-height-default\" data-id=\"3167be24\" data-element_type=\"section\" data-e-type=\"section\">\n\t\t\t\t\t\t<div class=\"elementor-container elementor-column-gap-default\">\n\t\t\t\t\t<div class=\"elementor-column elementor-col-100 elementor-top-column elementor-element elementor-element-2ec6d8c3\" data-id=\"2ec6d8c3\" data-element_type=\"column\" data-e-type=\"column\">\n\t\t\t<div class=\"p-0 elementor-widget-wrap\">\n\t\t\t\t\t\t\t<\/div>\n\t\t<\/div>\n\t\t\t\t\t<\/div>\n\t\t<\/section>\n\t\t\t\t<section class=\"elementor-section elementor-top-section elementor-element elementor-element-57005269 layout-pt-md layout-pb-md elementor-section-full_width elementor-section-height-default elementor-section-height-default\" data-id=\"57005269\" data-element_type=\"section\" data-e-type=\"section\">\n\t\t\t\t\t\t<div class=\"elementor-container elementor-column-gap-default container\">\n\t\t\t\t\t<div class=\"elementor-column elementor-col-100 elementor-top-column elementor-element elementor-element-59bfe39d\" data-id=\"59bfe39d\" data-element_type=\"column\" data-e-type=\"column\">\n\t\t\t<div class=\"p-0 elementor-widget-wrap elementor-element-populated\">\n\t\t\t\t\t\t<div class=\"elementor-section elementor-inner-section elementor-element elementor-element-7e0f6e9d elementor-section-full_width elementor-section-height-default elementor-section-height-default\" data-id=\"7e0f6e9d\" data-element_type=\"section\" data-e-type=\"section\">\n\t\t\t\t\t\t<div class=\"elementor-container elementor-column-gap-default row row-margin\">\n\t\t\t\t\t<div class=\"elementor-column elementor-col-100 elementor-inner-column elementor-element elementor-element-a011461 col-12\" data-id=\"a011461\" data-element_type=\"column\" data-e-type=\"column\">\n\t\t\t<div class=\"p-0 sectionHeading -top-line text-center elementor-widget-wrap elementor-element-populated\">\n\t\t\t\t\t\t<div class=\"elementor-element elementor-element-3ae80f14 elementor-widget elementor-widget-highlighted-heading\" data-id=\"3ae80f14\" data-element_type=\"widget\" data-e-type=\"widget\" data-widget_type=\"highlighted-heading.default\">\n\t\t\t\t<div class=\"elementor-widget-container\">\n\t\t\t\t\t<span class=\"highlighted-heading__title sectionHeading__subtitle\">WHAT WE OFFER<\/span>\t\t\t\t<\/div>\n\t\t\t\t<\/div>\n\t\t\t\t<div class=\"elementor-element elementor-element-7f24ee4b elementor-widget elementor-widget-highlighted-heading\" data-id=\"7f24ee4b\" data-element_type=\"widget\" data-e-type=\"widget\" data-widget_type=\"highlighted-heading.default\">\n\t\t\t\t<div class=\"elementor-widget-container\">\n\t\t\t\t\t<h2 class=\"highlighted-heading__title sectionHeading__title mb-0\">Our Services<\/h2>\t\t\t\t<\/div>\n\t\t\t\t<\/div>\n\t\t\t\t\t<\/div>\n\t\t<\/div>\n\t\t\t\t\t<\/div>\n\t\t<\/div>\n\t\t\t\t<div class=\"elementor-section elementor-inner-section elementor-element elementor-element-1394eb9e elementor-section-full_width elementor-section-height-default elementor-section-height-default\" data-id=\"1394eb9e\" data-element_type=\"section\" data-e-type=\"section\">\n\t\t\t\t\t\t<div class=\"elementor-container elementor-column-gap-default row y-gap-32 layout-pt-sm justify-content-center row-margin\">\n\t\t\t\t\t<div class=\"elementor-column elementor-col-25 elementor-inner-column elementor-element elementor-element-759e4c02 col-lg-3 col-md-6\" data-id=\"759e4c02\" data-element_type=\"column\" data-e-type=\"column\">\n\t\t\t<div class=\"p-0 elementor-widget-wrap elementor-element-populated\">\n\t\t\t\t\t\t<div class=\"elementor-element elementor-element-7dcb192f elementor-position-block-start elementor-mobile-position-block-start elementor-widget elementor-widget-icon-box\" data-id=\"7dcb192f\" data-element_type=\"widget\" data-e-type=\"widget\" data-widget_type=\"icon-box.card-hellix\">\n\t\t\t\t<div class=\"elementor-widget-container\">\n\t\t\t\t\t \n\t\t<div class=\"service -card -hover\">\n\t\t\t<div class=\"service__content -border\">\n\n\t\t\t\t\t\t\t\t\t<div class=\"service__icon\">\n\t\t\t\t\t\t<i aria-hidden=\"true\" class=\"elementor-icon elementor-icon-box icon  text-beige icon icon-pencil\"><\/i>\t\t\t\t\t<\/div>\n\t\t\t\t\n\t\t\t\t\t\t<h3 class=\"service__title elementor-icon-box-title service__title mt-20\">\n\t\t\tPlanning\t\t<\/h3> \n\t\t\t\t<div class=\"service__button\">\n\t\t\t<a class=\"button__text_color button  -simple\" href=\"https:\/\/creativadesign.al\/en\/sherbimet-tona\/\">More<\/a>\n\t\t<\/div> \n\t\t\t\t\t<\/div>\n\t\t<\/div>\n\t\t\t\t\t\t<\/div>\n\t\t\t\t<\/div>\n\t\t\t\t\t<\/div>\n\t\t<\/div>\n\t\t\t\t<div class=\"elementor-column elementor-col-25 elementor-inner-column elementor-element elementor-element-2d45facb col-lg-3 col-md-6\" data-id=\"2d45facb\" data-element_type=\"column\" data-e-type=\"column\">\n\t\t\t<div class=\"p-0 elementor-widget-wrap elementor-element-populated\">\n\t\t\t\t\t\t<div class=\"elementor-element elementor-element-46aae1df elementor-position-block-start elementor-mobile-position-block-start elementor-widget elementor-widget-icon-box\" data-id=\"46aae1df\" data-element_type=\"widget\" data-e-type=\"widget\" data-widget_type=\"icon-box.card-hellix\">\n\t\t\t\t<div class=\"elementor-widget-container\">\n\t\t\t\t\t \n\t\t<div class=\"service -card -hover\">\n\t\t\t<div class=\"service__content -border\">\n\n\t\t\t\t\t\t\t\t\t<div class=\"service__icon\">\n\t\t\t\t\t\t<i aria-hidden=\"true\" class=\"elementor-icon elementor-icon-box icon  text-beige icon icon-rocket\"><\/i>\t\t\t\t\t<\/div>\n\t\t\t\t\n\t\t\t\t\t\t<h3 class=\"service__title elementor-icon-box-title service__title mt-20\">\n\t\t\tInterior\t\t<\/h3> \n\t\t\t\t<div class=\"service__button\">\n\t\t\t<a class=\"button__text_color button  -simple\" href=\"https:\/\/creativadesign.al\/en\/sherbimet-tona\/\">More<\/a>\n\t\t<\/div> \n\t\t\t\t\t<\/div>\n\t\t<\/div>\n\t\t\t\t\t\t<\/div>\n\t\t\t\t<\/div>\n\t\t\t\t\t<\/div>\n\t\t<\/div>\n\t\t\t\t<div class=\"elementor-column elementor-col-25 elementor-inner-column elementor-element elementor-element-12e9caca col-lg-3 col-md-6\" data-id=\"12e9caca\" data-element_type=\"column\" data-e-type=\"column\">\n\t\t\t<div class=\"p-0 elementor-widget-wrap elementor-element-populated\">\n\t\t\t\t\t\t<div class=\"elementor-element elementor-element-1a95bf61 elementor-position-block-start elementor-mobile-position-block-start elementor-widget elementor-widget-icon-box\" data-id=\"1a95bf61\" data-element_type=\"widget\" data-e-type=\"widget\" data-widget_type=\"icon-box.card-hellix\">\n\t\t\t\t<div class=\"elementor-widget-container\">\n\t\t\t\t\t \n\t\t<div class=\"service -card -hover\">\n\t\t\t<div class=\"service__content -border\">\n\n\t\t\t\t\t\t\t\t\t<div class=\"service__icon\">\n\t\t\t\t\t\t<i aria-hidden=\"true\" class=\"elementor-icon elementor-icon-box icon  text-beige icon icon-cube\"><\/i>\t\t\t\t\t<\/div>\n\t\t\t\t\n\t\t\t\t\t\t<h3 class=\"service__title elementor-icon-box-title service__title mt-20\">\n\t\t\tConstruction\t\t<\/h3> \n\t\t\t\t<div class=\"service__button\">\n\t\t\t<a class=\"button__text_color button  -simple\" href=\"https:\/\/creativadesign.al\/en\/sherbimet-tona\/\">More<\/a>\n\t\t<\/div> \n\t\t\t\t\t<\/div>\n\t\t<\/div>\n\t\t\t\t\t\t<\/div>\n\t\t\t\t<\/div>\n\t\t\t\t\t<\/div>\n\t\t<\/div>\n\t\t\t\t<div class=\"elementor-column elementor-col-25 elementor-inner-column elementor-element elementor-element-10d8fe02 col-lg-3 col-md-6\" data-id=\"10d8fe02\" data-element_type=\"column\" data-e-type=\"column\">\n\t\t\t<div class=\"p-0 elementor-widget-wrap elementor-element-populated\">\n\t\t\t\t\t\t<div class=\"elementor-element elementor-element-591b2b55 elementor-position-block-start elementor-mobile-position-block-start elementor-widget elementor-widget-icon-box\" data-id=\"591b2b55\" data-element_type=\"widget\" data-e-type=\"widget\" data-widget_type=\"icon-box.card-hellix\">\n\t\t\t\t<div class=\"elementor-widget-container\">\n\t\t\t\t\t \n\t\t<div class=\"service -card -hover\">\n\t\t\t<div class=\"service__content -border\">\n\n\t\t\t\t\t\t\t\t\t<div class=\"service__icon\">\n\t\t\t\t\t\t<i aria-hidden=\"true\" class=\"elementor-icon elementor-icon-box icon  text-beige icon icon-idea\"><\/i>\t\t\t\t\t<\/div>\n\t\t\t\t\n\t\t\t\t\t\t<h3 class=\"service__title elementor-icon-box-title service__title mt-20\">\n\t\t\tArchitecture\t\t<\/h3> \n\t\t\t\t<div class=\"service__button\">\n\t\t\t<a class=\"button__text_color button  -simple\" href=\"https:\/\/creativadesign.al\/en\/sherbimet-tona\/\">More<\/a>\n\t\t<\/div> \n\t\t\t\t\t<\/div>\n\t\t<\/div>\n\t\t\t\t\t\t<\/div>\n\t\t\t\t<\/div>\n\t\t\t\t\t<\/div>\n\t\t<\/div>\n\t\t\t\t\t<\/div>\n\t\t<\/div>\n\t\t\t\t\t<\/div>\n\t\t<\/div>\n\t\t\t\t\t<\/div>\n\t\t<\/section>\n\t\t\t\t<\/div>","protected":false},"excerpt":{"rendered":"<p>Rreth Nesh Rreth Nesh Rreth nesh CreativA Architectural Design vendi ku kreativiteti dhe pasioni marrin jet\u00eb! Te CreativA Architectural Design, krijojm\u00eb zgjidhje inovative n\u00eb arkitektur\u00eb dhe dizajn t\u00eb brendsh\u00ebm, duke kombinuar kreativitetin me profesionalizmin. Me nj\u00eb ekspertiz\u00eb t\u00eb fort\u00eb dhe aft\u00ebsi t\u00eb shk\u00eblqyera n\u00eb projektim, ne nd\u00ebrtojm\u00eb hap\u00ebsira funksionale dhe estetike q\u00eb frym\u00ebzojn\u00eb jetes\u00ebn, pun\u00ebn [&hellip;]<\/p>\n","protected":false},"author":1,"featured_media":13960,"parent":0,"menu_order":0,"comment_status":"closed","ping_status":"closed","template":"elementor_header_footer","meta":{"_acf_changed":false,"footnotes":""},"class_list":["post-10","page","type-page","status-publish","has-post-thumbnail","hentry"],"acf":[],"aioseo_notices":[],"_links":{"self":[{"href":"https:\/\/creativadesign.al\/en\/wp-json\/wp\/v2\/pages\/10","targetHints":{"allow":["GET"]}}],"collection":[{"href":"https:\/\/creativadesign.al\/en\/wp-json\/wp\/v2\/pages"}],"about":[{"href":"https:\/\/creativadesign.al\/en\/wp-json\/wp\/v2\/types\/page"}],"author":[{"embeddable":true,"href":"https:\/\/creativadesign.al\/en\/wp-json\/wp\/v2\/users\/1"}],"replies":[{"embeddable":true,"href":"https:\/\/creativadesign.al\/en\/wp-json\/wp\/v2\/comments?post=10"}],"version-history":[{"count":119,"href":"https:\/\/creativadesign.al\/en\/wp-json\/wp\/v2\/pages\/10\/revisions"}],"predecessor-version":[{"id":14921,"href":"https:\/\/creativadesign.al\/en\/wp-json\/wp\/v2\/pages\/10\/revisions\/14921"}],"wp:featuredmedia":[{"embeddable":true,"href":"https:\/\/creativadesign.al\/en\/wp-json\/wp\/v2\/media\/13960"}],"wp:attachment":[{"href":"https:\/\/creativadesign.al\/en\/wp-json\/wp\/v2\/media?parent=10"}],"curies":[{"name":"wp","href":"https:\/\/api.w.org\/{rel}","templated":true}]}}