{"id":12763,"date":"2022-04-08T10:13:45","date_gmt":"2022-04-08T10:13:45","guid":{"rendered":"https:\/\/hellixdemos.madrasthemes.com\/portfolio\/?page_id=12763"},"modified":"2025-12-09T10:59:33","modified_gmt":"2025-12-09T10:59:33","slug":"projektet-tona-2","status":"publish","type":"page","link":"https:\/\/creativadesign.al\/en\/projektet-tona-2\/","title":{"rendered":"Projects"},"content":{"rendered":"<div data-elementor-type=\"wp-page\" data-elementor-id=\"12763\" class=\"elementor elementor-12763\">\n\t\t\t\t\t\t<section class=\"elementor-section elementor-top-section elementor-element elementor-element-6094ffc8 elementor-section-full_width page-masthead bg-image js-lazy loaded page-masthead__bg elementor-section-height-default elementor-section-height-default\" data-id=\"6094ffc8\" data-element_type=\"section\" data-e-type=\"section\" data-settings=\"{&quot;background_background&quot;:&quot;classic&quot;}\" data-parallax=\"0.6\">\n\t\t\t\t\t\t<div class=\"elementor-container elementor-column-gap-default container\">\n\t\t\t\t\t<div class=\"elementor-column elementor-col-100 elementor-top-column elementor-element elementor-element-3883ba7a\" data-id=\"3883ba7a\" data-element_type=\"column\" data-e-type=\"column\">\n\t\t\t<div class=\"p-0 page-masthead__content elementor-widget-wrap elementor-element-populated\">\n\t\t\t\t\t\t<div class=\"elementor-section elementor-inner-section elementor-element elementor-element-6f180287 elementor-section-full_width elementor-section-height-default elementor-section-height-default\" data-id=\"6f180287\" data-element_type=\"section\" data-e-type=\"section\">\n\t\t\t\t\t\t<div class=\"elementor-container elementor-column-gap-default row justify-content-between md:justify-content-center align-items-center row-margin\">\n\t\t\t\t\t<div class=\"elementor-column elementor-col-100 elementor-inner-column elementor-element elementor-element-40a48772 col-lg-9 col-md-10\" data-id=\"40a48772\" data-element_type=\"column\" data-e-type=\"column\" data-anim=\"slide-up delay-1\">\n\t\t\t<div class=\"p-0 elementor-widget-wrap elementor-element-populated\">\n\t\t\t\t\t\t<div class=\"elementor-element elementor-element-57b57b2e position-static elementor-widget elementor-widget-highlighted-heading\" data-id=\"57b57b2e\" data-element_type=\"widget\" data-e-type=\"widget\" data-widget_type=\"highlighted-heading.default\">\n\t\t\t\t<div class=\"elementor-widget-container\">\n\t\t\t\t\t<div class=\"highlighted-heading__title page-masthead__back_title\">Projects<\/div>\t\t\t\t<\/div>\n\t\t\t\t<\/div>\n\t\t\t\t<div class=\"elementor-element elementor-element-23276693 elementor-widget elementor-widget-highlighted-heading\" data-id=\"23276693\" data-element_type=\"widget\" data-e-type=\"widget\" data-widget_type=\"highlighted-heading.default\">\n\t\t\t\t<div class=\"elementor-widget-container\">\n\t\t\t\t\t<h1 class=\"highlighted-heading__title page-masthead__title text-white\">Projects<\/h1>\t\t\t\t<\/div>\n\t\t\t\t<\/div>\n\t\t\t\t\t<\/div>\n\t\t<\/div>\n\t\t\t\t\t<\/div>\n\t\t<\/div>\n\t\t\t\t\t<\/div>\n\t\t<\/div>\n\t\t\t\t\t<\/div>\n\t\t<\/section>\n\t\t\t\t<section class=\"elementor-section elementor-top-section elementor-element elementor-element-19758dbc elementor-section-full_width layout-pt-md layout-pb-md elementor-section-height-default elementor-section-height-default\" data-id=\"19758dbc\" data-element_type=\"section\" data-e-type=\"section\" data-settings=\"{&quot;background_background&quot;:&quot;classic&quot;}\">\n\t\t\t\t\t\t<div class=\"elementor-container elementor-column-gap-default container\">\n\t\t\t\t\t<div class=\"elementor-column elementor-col-100 elementor-top-column elementor-element elementor-element-c27d9e3\" data-id=\"c27d9e3\" data-element_type=\"column\" data-e-type=\"column\">\n\t\t\t<div class=\"p-0  elementor-widget-wrap elementor-element-populated\">\n\t\t\t\t\t\t<div class=\"elementor-element elementor-element-29ed9d6 elementor-widget elementor-widget-hx-project-carousel\" data-id=\"29ed9d6\" data-element_type=\"widget\" data-e-type=\"widget\" data-widget_type=\"hx-project-carousel.project-style-1\">\n\t\t\t\t<div class=\"elementor-widget-container\">\n\t\t\t\t\t\t\t<div class=\"row justify-content-center\">\n\t\t\t<div class=\"col-lg-8\">\n\t\t\t\t<div class=\"sectionSlider js-sectionSlider\" data-gap=\"30\" data-slider-col=\"base-1 lg-1 md-1 sm-1\" data-center=\"\" data-loop=\"\" data-pagination=\"\">\n\t\t\t\t<div class=\"swiper-wrapper\">\n\t\t\t\t<div class=\"swiper-slide\">\n\t\t\t<a data-barba data-cursor data-cursor-label=\"\" href=\"https:\/\/creativadesign.al\/en\/portfolio\/vlora-central\/\" class=\"portfolio\">\n\t\t\t\t\t\t\t\t\t<div class=\"portfolio__image\">\n\t\t\t\t\t\t<div class=\"ratio ratio-16:9\">\n\t\t\t\t\t\t\t<img fetchpriority=\"high\" decoding=\"async\" width=\"2560\" height=\"1712\" src=\"https:\/\/creativadesign.al\/wp-content\/uploads\/2025\/12\/View-from-the-Square-no-bridge-scaled.jpg\" class=\"ratio-img swiper-lazy wp-post-image\" alt=\"project image\" srcset=\"https:\/\/creativadesign.al\/wp-content\/uploads\/2025\/12\/View-from-the-Square-no-bridge-scaled.jpg 2560w, https:\/\/creativadesign.al\/wp-content\/uploads\/2025\/12\/View-from-the-Square-no-bridge-300x201.jpg 300w, https:\/\/creativadesign.al\/wp-content\/uploads\/2025\/12\/View-from-the-Square-no-bridge-1024x685.jpg 1024w, https:\/\/creativadesign.al\/wp-content\/uploads\/2025\/12\/View-from-the-Square-no-bridge-768x514.jpg 768w, https:\/\/creativadesign.al\/wp-content\/uploads\/2025\/12\/View-from-the-Square-no-bridge-1536x1027.jpg 1536w, https:\/\/creativadesign.al\/wp-content\/uploads\/2025\/12\/View-from-the-Square-no-bridge-2048x1369.jpg 2048w\" sizes=\"(max-width: 2560px) 100vw, 2560px\" \/>\t\t\t\t\t\t\t\t\t\t\t\n\t\t\t\t\t\t\t<div class=\"swiper-lazy-preloader\"><\/div>\n\t\t\t\t\t\t<\/div>\n\t\t\t\t\t<\/div>\n\t\t\t\t\t\t\t\t<div class=\"portfolio__content text-center\">\n\t\t\t\t\t<!-- Category -->\n\t\t\t\t\t\t\t<span class=\"portfolioCard__category portfolio__category\"> \n\t\t\tArchitecture\t\t<\/span>\n\t\t\t\t\t\t\t<!-- Heading -->\n\t\t\t\t\t\t\t<h3 class=\"portfolioCard__title portfolio__title\">\n\t\t\tVlora Central\t\t<\/h3>\n\t\t\t\t\t\t<\/div>\n\t\t\t<\/a>\n\t\t<\/div>\n\t\t\t\t<div class=\"swiper-slide\">\n\t\t\t<a data-barba data-cursor data-cursor-label=\"\" href=\"https:\/\/creativadesign.al\/en\/portfolio\/lighthouse-tirana\/\" class=\"portfolio\">\n\t\t\t\t\t\t\t\t\t<div class=\"portfolio__image\">\n\t\t\t\t\t\t<div class=\"ratio ratio-16:9\">\n\t\t\t\t\t\t\t<img decoding=\"async\" width=\"2560\" height=\"1471\" src=\"https:\/\/creativadesign.al\/wp-content\/uploads\/2025\/12\/2025.10.30-A2517-TI-BULA-bundle_Page_10-scaled.jpg\" class=\"ratio-img swiper-lazy wp-post-image\" alt=\"project image\" srcset=\"https:\/\/creativadesign.al\/wp-content\/uploads\/2025\/12\/2025.10.30-A2517-TI-BULA-bundle_Page_10-scaled.jpg 2560w, https:\/\/creativadesign.al\/wp-content\/uploads\/2025\/12\/2025.10.30-A2517-TI-BULA-bundle_Page_10-300x172.jpg 300w, https:\/\/creativadesign.al\/wp-content\/uploads\/2025\/12\/2025.10.30-A2517-TI-BULA-bundle_Page_10-1024x588.jpg 1024w, https:\/\/creativadesign.al\/wp-content\/uploads\/2025\/12\/2025.10.30-A2517-TI-BULA-bundle_Page_10-768x441.jpg 768w, https:\/\/creativadesign.al\/wp-content\/uploads\/2025\/12\/2025.10.30-A2517-TI-BULA-bundle_Page_10-1536x883.jpg 1536w, https:\/\/creativadesign.al\/wp-content\/uploads\/2025\/12\/2025.10.30-A2517-TI-BULA-bundle_Page_10-2048x1177.jpg 2048w\" sizes=\"(max-width: 2560px) 100vw, 2560px\" \/>\t\t\t\t\t\t\t\t\t\t\t\n\t\t\t\t\t\t\t<div class=\"swiper-lazy-preloader\"><\/div>\n\t\t\t\t\t\t<\/div>\n\t\t\t\t\t<\/div>\n\t\t\t\t\t\t\t\t<div class=\"portfolio__content text-center\">\n\t\t\t\t\t<!-- Category -->\n\t\t\t\t\t\t\t<span class=\"portfolioCard__category portfolio__category\"> \n\t\t\tArchitecture\t\t<\/span>\n\t\t\t\t\t\t\t<!-- Heading -->\n\t\t\t\t\t\t\t<h3 class=\"portfolioCard__title portfolio__title\">\n\t\t\tLighthouse Tirana\t\t<\/h3>\n\t\t\t\t\t\t<\/div>\n\t\t\t<\/a>\n\t\t<\/div>\n\t\t\t\t<div class=\"swiper-slide\">\n\t\t\t<a data-barba data-cursor data-cursor-label=\"\" href=\"https:\/\/creativadesign.al\/en\/portfolio\/tirana-west-center-2-3\/\" class=\"portfolio\">\n\t\t\t\t\t\t\t\t\t<div class=\"portfolio__image\">\n\t\t\t\t\t\t<div class=\"ratio ratio-16:9\">\n\t\t\t\t\t\t\t<img decoding=\"async\" width=\"2560\" height=\"1440\" src=\"https:\/\/creativadesign.al\/wp-content\/uploads\/2022\/04\/05_Overall-view-scaled.png\" class=\"ratio-img swiper-lazy wp-post-image\" alt=\"project image\" srcset=\"https:\/\/creativadesign.al\/wp-content\/uploads\/2022\/04\/05_Overall-view-scaled.png 2560w, https:\/\/creativadesign.al\/wp-content\/uploads\/2022\/04\/05_Overall-view-300x169.png 300w, https:\/\/creativadesign.al\/wp-content\/uploads\/2022\/04\/05_Overall-view-1024x576.png 1024w, https:\/\/creativadesign.al\/wp-content\/uploads\/2022\/04\/05_Overall-view-768x432.png 768w, https:\/\/creativadesign.al\/wp-content\/uploads\/2022\/04\/05_Overall-view-1536x864.png 1536w, https:\/\/creativadesign.al\/wp-content\/uploads\/2022\/04\/05_Overall-view-2048x1152.png 2048w\" sizes=\"(max-width: 2560px) 100vw, 2560px\" \/>\t\t\t\t\t\t\t\t\t\t\t\n\t\t\t\t\t\t\t<div class=\"swiper-lazy-preloader\"><\/div>\n\t\t\t\t\t\t<\/div>\n\t\t\t\t\t<\/div>\n\t\t\t\t\t\t\t\t<div class=\"portfolio__content text-center\">\n\t\t\t\t\t<!-- Category -->\n\t\t\t\t\t\t\t<span class=\"portfolioCard__category portfolio__category\"> \n\t\t\tArchitecture\t\t<\/span>\n\t\t\t\t\t\t\t<!-- Heading -->\n\t\t\t\t\t\t\t<h3 class=\"portfolioCard__title portfolio__title\">\n\t\t\tTirana West Center\t\t<\/h3>\n\t\t\t\t\t\t<\/div>\n\t\t\t<\/a>\n\t\t<\/div>\n\t\t\t\t<div class=\"swiper-slide\">\n\t\t\t<a data-barba data-cursor data-cursor-label=\"\" href=\"https:\/\/creativadesign.al\/en\/portfolio\/apartament-tirana\/\" class=\"portfolio\">\n\t\t\t\t\t\t\t\t\t<div class=\"portfolio__image\">\n\t\t\t\t\t\t<div class=\"ratio ratio-16:9\">\n\t\t\t\t\t\t\t<img loading=\"lazy\" decoding=\"async\" width=\"1500\" height=\"1500\" src=\"https:\/\/creativadesign.al\/wp-content\/uploads\/2021\/12\/7-1.jpg\" class=\"ratio-img swiper-lazy wp-post-image\" alt=\"project image\" srcset=\"https:\/\/creativadesign.al\/wp-content\/uploads\/2021\/12\/7-1.jpg 1500w, https:\/\/creativadesign.al\/wp-content\/uploads\/2021\/12\/7-1-300x300.jpg 300w, https:\/\/creativadesign.al\/wp-content\/uploads\/2021\/12\/7-1-1024x1024.jpg 1024w, https:\/\/creativadesign.al\/wp-content\/uploads\/2021\/12\/7-1-150x150.jpg 150w, https:\/\/creativadesign.al\/wp-content\/uploads\/2021\/12\/7-1-768x768.jpg 768w, https:\/\/creativadesign.al\/wp-content\/uploads\/2021\/12\/7-1-12x12.jpg 12w, https:\/\/creativadesign.al\/wp-content\/uploads\/2021\/12\/7-1-50x50.jpg 50w\" sizes=\"(max-width: 1500px) 100vw, 1500px\" \/>\t\t\t\t\t\t\t\t\t\t\t\n\t\t\t\t\t\t\t<div class=\"swiper-lazy-preloader\"><\/div>\n\t\t\t\t\t\t<\/div>\n\t\t\t\t\t<\/div>\n\t\t\t\t\t\t\t\t<div class=\"portfolio__content text-center\">\n\t\t\t\t\t<!-- Category -->\n\t\t\t\t\t\t\t<span class=\"portfolioCard__category portfolio__category\"> \n\t\t\tInterior\t\t<\/span>\n\t\t\t\t\t\t\t<!-- Heading -->\n\t\t\t\t\t\t\t<h3 class=\"portfolioCard__title portfolio__title\">\n\t\t\tApartment, Tirana\t\t<\/h3>\n\t\t\t\t\t\t<\/div>\n\t\t\t<\/a>\n\t\t<\/div>\n\t\t\t\t<div class=\"swiper-slide\">\n\t\t\t<a data-barba data-cursor data-cursor-label=\"\" href=\"https:\/\/creativadesign.al\/en\/portfolio\/vile-tirana\/\" class=\"portfolio\">\n\t\t\t\t\t\t\t\t\t<div class=\"portfolio__image\">\n\t\t\t\t\t\t<div class=\"ratio ratio-16:9\">\n\t\t\t\t\t\t\t<img loading=\"lazy\" decoding=\"async\" width=\"1280\" height=\"720\" src=\"https:\/\/creativadesign.al\/wp-content\/uploads\/2021\/12\/1-3-1.jpg\" class=\"ratio-img swiper-lazy wp-post-image\" alt=\"project image\" srcset=\"https:\/\/creativadesign.al\/wp-content\/uploads\/2021\/12\/1-3-1.jpg 1280w, https:\/\/creativadesign.al\/wp-content\/uploads\/2021\/12\/1-3-1-300x169.jpg 300w, https:\/\/creativadesign.al\/wp-content\/uploads\/2021\/12\/1-3-1-1024x576.jpg 1024w, https:\/\/creativadesign.al\/wp-content\/uploads\/2021\/12\/1-3-1-768x432.jpg 768w, https:\/\/creativadesign.al\/wp-content\/uploads\/2021\/12\/1-3-1-18x10.jpg 18w\" sizes=\"(max-width: 1280px) 100vw, 1280px\" \/>\t\t\t\t\t\t\t\t\t\t\t\n\t\t\t\t\t\t\t<div class=\"swiper-lazy-preloader\"><\/div>\n\t\t\t\t\t\t<\/div>\n\t\t\t\t\t<\/div>\n\t\t\t\t\t\t\t\t<div class=\"portfolio__content text-center\">\n\t\t\t\t\t<!-- Category -->\n\t\t\t\t\t\t\t<span class=\"portfolioCard__category portfolio__category\"> \n\t\t\tArchitecture\t\t<\/span>\n\t\t\t\t\t\t\t<!-- Heading -->\n\t\t\t\t\t\t\t<h3 class=\"portfolioCard__title portfolio__title\">\n\t\t\tVilla, Tirana\t\t<\/h3>\n\t\t\t\t\t\t<\/div>\n\t\t\t<\/a>\n\t\t<\/div>\n\t\t\t\t<div class=\"swiper-slide\">\n\t\t\t<a data-barba data-cursor data-cursor-label=\"\" href=\"https:\/\/creativadesign.al\/en\/portfolio\/projekti-the-wall\/\" class=\"portfolio\">\n\t\t\t\t\t\t\t\t\t<div class=\"portfolio__image\">\n\t\t\t\t\t\t<div class=\"ratio ratio-16:9\">\n\t\t\t\t\t\t\t<img loading=\"lazy\" decoding=\"async\" width=\"1500\" height=\"1500\" src=\"https:\/\/creativadesign.al\/wp-content\/uploads\/2026\/03\/WhatsApp-Image-2026-02-14-at-11.46.13-AM1.jpeg\" class=\"ratio-img swiper-lazy wp-post-image\" alt=\"project image\" srcset=\"https:\/\/creativadesign.al\/wp-content\/uploads\/2026\/03\/WhatsApp-Image-2026-02-14-at-11.46.13-AM1.jpeg 1500w, https:\/\/creativadesign.al\/wp-content\/uploads\/2026\/03\/WhatsApp-Image-2026-02-14-at-11.46.13-AM1-300x300.jpeg 300w, https:\/\/creativadesign.al\/wp-content\/uploads\/2026\/03\/WhatsApp-Image-2026-02-14-at-11.46.13-AM1-1024x1024.jpeg 1024w, https:\/\/creativadesign.al\/wp-content\/uploads\/2026\/03\/WhatsApp-Image-2026-02-14-at-11.46.13-AM1-150x150.jpeg 150w, https:\/\/creativadesign.al\/wp-content\/uploads\/2026\/03\/WhatsApp-Image-2026-02-14-at-11.46.13-AM1-768x768.jpeg 768w, https:\/\/creativadesign.al\/wp-content\/uploads\/2026\/03\/WhatsApp-Image-2026-02-14-at-11.46.13-AM1-12x12.jpeg 12w, https:\/\/creativadesign.al\/wp-content\/uploads\/2026\/03\/WhatsApp-Image-2026-02-14-at-11.46.13-AM1-50x50.jpeg 50w\" sizes=\"(max-width: 1500px) 100vw, 1500px\" \/>\t\t\t\t\t\t\t\t\t\t\t\n\t\t\t\t\t\t\t<div class=\"swiper-lazy-preloader\"><\/div>\n\t\t\t\t\t\t<\/div>\n\t\t\t\t\t<\/div>\n\t\t\t\t\t\t\t\t<div class=\"portfolio__content text-center\">\n\t\t\t\t\t<!-- Category -->\n\t\t\t\t\t\t\t<span class=\"portfolioCard__category portfolio__category\"> \n\t\t\tArchitecture\t\t<\/span>\n\t\t\t\t\t\t\t<!-- Heading -->\n\t\t\t\t\t\t\t<h3 class=\"portfolioCard__title portfolio__title\">\n\t\t\tThe Wall\t\t<\/h3>\n\t\t\t\t\t\t<\/div>\n\t\t\t<\/a>\n\t\t<\/div>\n\t\t\t\t<\/div> <!-- \/ .row -->\n\t\t\t\t\t<div class=\"pagination -slider mt-48 js-pagination\"><\/div>\n\t\t\t\t\t\t<\/div>\n\t\t<\/div><!-- \/ .col -->\n\t<\/div><!-- \/ .row -->\n\t\t\t\t\t\t<\/div>\n\t\t\t\t<\/div>\n\t\t\t\t\t<\/div>\n\t\t<\/div>\n\t\t\t\t\t<\/div>\n\t\t<\/section>\n\t\t\t\t<\/div>","protected":false},"excerpt":{"rendered":"<p>Projektet Tona Projektet Tona Arkitektur\u00eb Vlora Central Arkitektur\u00eb Lighthouse Tirana Arkitektur\u00eb Tirana West Center Interier Apartment, Tiran\u00eb Arkitektur\u00eb Vil\u00eb, Tiran\u00eb Arkitektur\u00eb The Wall<\/p>","protected":false},"author":1,"featured_media":0,"parent":0,"menu_order":0,"comment_status":"closed","ping_status":"closed","template":"elementor_header_footer","meta":{"_acf_changed":false,"footnotes":""},"class_list":["post-12763","page","type-page","status-publish","hentry"],"acf":[],"aioseo_notices":[],"_links":{"self":[{"href":"https:\/\/creativadesign.al\/en\/wp-json\/wp\/v2\/pages\/12763","targetHints":{"allow":["GET"]}}],"collection":[{"href":"https:\/\/creativadesign.al\/en\/wp-json\/wp\/v2\/pages"}],"about":[{"href":"https:\/\/creativadesign.al\/en\/wp-json\/wp\/v2\/types\/page"}],"author":[{"embeddable":true,"href":"https:\/\/creativadesign.al\/en\/wp-json\/wp\/v2\/users\/1"}],"replies":[{"embeddable":true,"href":"https:\/\/creativadesign.al\/en\/wp-json\/wp\/v2\/comments?post=12763"}],"version-history":[{"count":68,"href":"https:\/\/creativadesign.al\/en\/wp-json\/wp\/v2\/pages\/12763\/revisions"}],"predecessor-version":[{"id":15066,"href":"https:\/\/creativadesign.al\/en\/wp-json\/wp\/v2\/pages\/12763\/revisions\/15066"}],"wp:attachment":[{"href":"https:\/\/creativadesign.al\/en\/wp-json\/wp\/v2\/media?parent=12763"}],"curies":[{"name":"wp","href":"https:\/\/api.w.org\/{rel}","templated":true}]}}