{"id":13293,"date":"2022-04-09T07:45:10","date_gmt":"2022-04-09T07:45:10","guid":{"rendered":"https:\/\/hellixdemos.madrasthemes.com\/contact-us\/?page_id=17"},"modified":"2025-01-03T23:23:26","modified_gmt":"2025-01-03T23:23:26","slug":"na-kontaktoni","status":"publish","type":"page","link":"https:\/\/creativadesign.al\/en\/na-kontaktoni\/","title":{"rendered":"Na Kontaktoni"},"content":{"rendered":"\t\t<div data-elementor-type=\"wp-page\" data-elementor-id=\"13293\" class=\"elementor elementor-13293\">\n\t\t\t\t\t\t<section class=\"elementor-section elementor-top-section elementor-element elementor-element-6d959677 elementor-section-full_width page-masthead bg-image js-lazy loaded page-masthead__bg elementor-section-height-default elementor-section-height-default\" data-id=\"6d959677\" data-element_type=\"section\" data-e-type=\"section\" data-settings=\"{&quot;background_background&quot;:&quot;classic&quot;}\" data-parallax=\"0.6\">\n\t\t\t\t\t\t<div class=\"elementor-container elementor-column-gap-default container\">\n\t\t\t\t\t<div class=\"elementor-column elementor-col-100 elementor-top-column elementor-element elementor-element-2b0f07a2\" data-id=\"2b0f07a2\" data-element_type=\"column\" data-e-type=\"column\">\n\t\t\t<div class=\"p-0 page-masthead__content elementor-widget-wrap elementor-element-populated\">\n\t\t\t\t\t\t<div class=\"elementor-section elementor-inner-section elementor-element elementor-element-5ece1c1b elementor-section-full_width elementor-section-height-default elementor-section-height-default\" data-id=\"5ece1c1b\" data-element_type=\"section\" data-e-type=\"section\">\n\t\t\t\t\t\t<div class=\"elementor-container elementor-column-gap-default row justify-content-between md:justify-content-center align-items-center row-margin\">\n\t\t\t\t\t<div class=\"elementor-column elementor-col-100 elementor-inner-column elementor-element elementor-element-e7767d8 col-lg-9 col-md-10\" data-id=\"e7767d8\" data-element_type=\"column\" data-e-type=\"column\" data-anim=\"slide-up delay-1\">\n\t\t\t<div class=\"p-0 elementor-widget-wrap elementor-element-populated\">\n\t\t\t\t\t\t<div class=\"elementor-element elementor-element-6795df26 position-static elementor-widget elementor-widget-highlighted-heading\" data-id=\"6795df26\" data-element_type=\"widget\" data-e-type=\"widget\" data-widget_type=\"highlighted-heading.default\">\n\t\t\t\t<div class=\"elementor-widget-container\">\n\t\t\t\t\t<div class=\"highlighted-heading__title page-masthead__back_title\">Na kontaktoni<\/div>\t\t\t\t<\/div>\n\t\t\t\t<\/div>\n\t\t\t\t<div class=\"elementor-element elementor-element-2c266db0 elementor-widget elementor-widget-highlighted-heading\" data-id=\"2c266db0\" data-element_type=\"widget\" data-e-type=\"widget\" data-widget_type=\"highlighted-heading.default\">\n\t\t\t\t<div class=\"elementor-widget-container\">\n\t\t\t\t\t<h1 class=\"highlighted-heading__title page-masthead__title text-white\">Na kontaktoni<\/h1>\t\t\t\t<\/div>\n\t\t\t\t<\/div>\n\t\t\t\t\t<\/div>\n\t\t<\/div>\n\t\t\t\t\t<\/div>\n\t\t<\/div>\n\t\t\t\t\t<\/div>\n\t\t<\/div>\n\t\t\t\t\t<\/div>\n\t\t<\/section>\n\t\t\t\t<section class=\"elementor-section elementor-top-section elementor-element elementor-element-4659634c elementor-section-full_width layout-pt-lg layout-pb-xl md:pb-64 elementor-section-height-default elementor-section-height-default\" data-id=\"4659634c\" data-element_type=\"section\" data-e-type=\"section\">\n\t\t\t\t\t\t<div class=\"elementor-container elementor-column-gap-default container\">\n\t\t\t\t\t<div class=\"elementor-column elementor-col-100 elementor-top-column elementor-element elementor-element-50c1f292\" data-id=\"50c1f292\" data-element_type=\"column\" data-e-type=\"column\">\n\t\t\t<div class=\"p-0 elementor-widget-wrap elementor-element-populated\">\n\t\t\t\t\t\t<section class=\"elementor-section elementor-inner-section elementor-element elementor-element-65333e4a elementor-section-full_width elementor-section-height-default elementor-section-height-default\" data-id=\"65333e4a\" data-element_type=\"section\" data-e-type=\"section\">\n\t\t\t\t\t\t<div class=\"elementor-container elementor-column-gap-default row no-gutters\">\n\t\t\t\t\t<div class=\"elementor-column elementor-col-33 elementor-inner-column elementor-element elementor-element-5d0a6f5c col-xl-7 col-lg-7 z-1\" data-id=\"5d0a6f5c\" data-element_type=\"column\" data-e-type=\"column\">\n\t\t\t<div class=\"p-0 h-auto elementor-widget-wrap elementor-element-populated\">\n\t\t\t\t\t\t<div class=\"elementor-element elementor-element-7d8c1e08 elementor-widget elementor-widget-google_maps\" data-id=\"7d8c1e08\" data-element_type=\"widget\" data-e-type=\"widget\" data-widget_type=\"google_maps.default\">\n\t\t\t\t<div class=\"elementor-widget-container\">\n\t\t\t\t\t\t\t<div class=\"elementor-custom-embed\">\n\t\t\t<iframe loading=\"lazy\"\n\t\t\t\t\tsrc=\"https:\/\/maps.google.com\/maps?q=41%C2%B019%2714.6%22N%2019%C2%B049%2704.8%22E&#038;t=m&#038;z=13&#038;output=embed&#038;iwloc=near\"\n\t\t\t\t\ttitle=\"41\u00b019&#039;14.6&quot;N 19\u00b049&#039;04.8&quot;E\"\n\t\t\t\t\taria-label=\"41\u00b019&#039;14.6&quot;N 19\u00b049&#039;04.8&quot;E\"\n\t\t\t><\/iframe>\n\t\t<\/div>\n\t\t\t\t\t\t<\/div>\n\t\t\t\t<\/div>\n\t\t\t\t\t<\/div>\n\t\t<\/div>\n\t\t\t\t<div class=\"elementor-column elementor-col-33 elementor-inner-column elementor-element elementor-element-665609d0 col-xl-4 col-lg-4 offset-lg-1\" data-id=\"665609d0\" data-element_type=\"column\" data-e-type=\"column\">\n\t\t\t<div class=\"md:pt-40 md:pb-40 p-0 elementor-widget-wrap elementor-element-populated\">\n\t\t\t\t\t\t<div class=\"elementor-element elementor-element-7ff638b5 sectionHeading -left-line elementor-widget elementor-widget-highlighted-heading\" data-id=\"7ff638b5\" data-element_type=\"widget\" data-e-type=\"widget\" data-widget_type=\"highlighted-heading.default\">\n\t\t\t\t<div class=\"elementor-widget-container\">\n\t\t\t\t\t<span class=\"highlighted-heading__title sectionHeading__subtitle\">Kontaktoni me Ne<\/span>\t\t\t\t<\/div>\n\t\t\t\t<\/div>\n\t\t\t\t<div class=\"elementor-element elementor-element-7d56f26 sectionHeading -left-line elementor-widget elementor-widget-highlighted-heading\" data-id=\"7d56f26\" data-element_type=\"widget\" data-e-type=\"widget\" data-widget_type=\"highlighted-heading.default\">\n\t\t\t\t<div class=\"elementor-widget-container\">\n\t\t\t\t\t<h6 class=\"highlighted-heading__title sectionHeading__title\"><h4>Jeni t\u00eb mir\u00ebpritur t\u00eb na kontaktoni m\u00eb posht\u00eb:<\/h6>\t\t\t\t<\/div>\n\t\t\t\t<\/div>\n\t\t\t\t<div class=\"elementor-element elementor-element-51442f64 text-sm text-black leading-4xl mt-48 md:mt-16 elementor-widget elementor-widget-text-editor\" data-id=\"51442f64\" data-element_type=\"widget\" data-e-type=\"widget\" data-widget_type=\"text-editor.default\">\n\t\t\t\t<div class=\"elementor-widget-container\">\n\t\t\t\t\t\t\t\t\t<p>Tel: +355 69 60 10 622<\/p><p>Adresa:Rruga Ibrahim Rugova 5,1010 Tirana,Albania<\/p><p>e-mail:info@creativa.al<\/p>\t\t\t\t\t\t\t\t<\/div>\n\t\t\t\t<\/div>\n\t\t\t\t<div class=\"elementor-element elementor-element-4eec308b socialsSection mt-24 elementor-shape-circle elementor-widget__width-inherit elementor-grid-0 e-grid-align-center elementor-widget elementor-widget-social-icons\" data-id=\"4eec308b\" data-element_type=\"widget\" data-e-type=\"widget\" data-widget_type=\"social-icons.default\">\n\t\t\t\t<div class=\"elementor-widget-container\">\n\t\t\t\t\t\t\t<div class=\"elementor-social-icons-wrapper elementor-grid\" role=\"list\">\n\t\t\t\t\t\t\t<span class=\"elementor-grid-item\" role=\"listitem\">\n\t\t\t\t\t<a class=\"elementor-icon elementor-social-icon elementor-social-icon-facebook-f elementor-repeater-item-6f6b08d\" href=\"#\" target=\"_blank\">\n\t\t\t\t\t\t<span class=\"elementor-screen-only\">Facebook-f<\/span>\n\t\t\t\t\t\t<svg aria-hidden=\"true\" class=\"e-font-icon-svg e-fab-facebook-f\" viewBox=\"0 0 320 512\" xmlns=\"http:\/\/www.w3.org\/2000\/svg\"><path d=\"M279.14 288l14.22-92.66h-88.91v-60.13c0-25.35 12.42-50.06 52.24-50.06h40.42V6.26S260.43 0 225.36 0c-73.22 0-121.08 44.38-121.08 124.72v70.62H22.89V288h81.39v224h100.17V288z\"><\/path><\/svg>\t\t\t\t\t<\/a>\n\t\t\t\t<\/span>\n\t\t\t\t\t\t\t<span class=\"elementor-grid-item\" role=\"listitem\">\n\t\t\t\t\t<a class=\"elementor-icon elementor-social-icon elementor-social-icon-twitter elementor-repeater-item-49792a8\" target=\"_blank\">\n\t\t\t\t\t\t<span class=\"elementor-screen-only\">Twitter<\/span>\n\t\t\t\t\t\t<svg aria-hidden=\"true\" class=\"e-font-icon-svg e-fab-twitter\" viewBox=\"0 0 512 512\" xmlns=\"http:\/\/www.w3.org\/2000\/svg\"><path d=\"M459.37 151.716c.325 4.548.325 9.097.325 13.645 0 138.72-105.583 298.558-298.558 298.558-59.452 0-114.68-17.219-161.137-47.106 8.447.974 16.568 1.299 25.34 1.299 49.055 0 94.213-16.568 130.274-44.832-46.132-.975-84.792-31.188-98.112-72.772 6.498.974 12.995 1.624 19.818 1.624 9.421 0 18.843-1.3 27.614-3.573-48.081-9.747-84.143-51.98-84.143-102.985v-1.299c13.969 7.797 30.214 12.67 47.431 13.319-28.264-18.843-46.781-51.005-46.781-87.391 0-19.492 5.197-37.36 14.294-52.954 51.655 63.675 129.3 105.258 216.365 109.807-1.624-7.797-2.599-15.918-2.599-24.04 0-57.828 46.782-104.934 104.934-104.934 30.213 0 57.502 12.67 76.67 33.137 23.715-4.548 46.456-13.32 66.599-25.34-7.798 24.366-24.366 44.833-46.132 57.827 21.117-2.273 41.584-8.122 60.426-16.243-14.292 20.791-32.161 39.308-52.628 54.253z\"><\/path><\/svg>\t\t\t\t\t<\/a>\n\t\t\t\t<\/span>\n\t\t\t\t\t\t\t<span class=\"elementor-grid-item\" role=\"listitem\">\n\t\t\t\t\t<a class=\"elementor-icon elementor-social-icon elementor-social-icon-instagram elementor-repeater-item-7b7fc0b\" target=\"_blank\">\n\t\t\t\t\t\t<span class=\"elementor-screen-only\">Instagram<\/span>\n\t\t\t\t\t\t<svg aria-hidden=\"true\" class=\"e-font-icon-svg e-fab-instagram\" viewBox=\"0 0 448 512\" xmlns=\"http:\/\/www.w3.org\/2000\/svg\"><path d=\"M224.1 141c-63.6 0-114.9 51.3-114.9 114.9s51.3 114.9 114.9 114.9S339 319.5 339 255.9 287.7 141 224.1 141zm0 189.6c-41.1 0-74.7-33.5-74.7-74.7s33.5-74.7 74.7-74.7 74.7 33.5 74.7 74.7-33.6 74.7-74.7 74.7zm146.4-194.3c0 14.9-12 26.8-26.8 26.8-14.9 0-26.8-12-26.8-26.8s12-26.8 26.8-26.8 26.8 12 26.8 26.8zm76.1 27.2c-1.7-35.9-9.9-67.7-36.2-93.9-26.2-26.2-58-34.4-93.9-36.2-37-2.1-147.9-2.1-184.9 0-35.8 1.7-67.6 9.9-93.9 36.1s-34.4 58-36.2 93.9c-2.1 37-2.1 147.9 0 184.9 1.7 35.9 9.9 67.7 36.2 93.9s58 34.4 93.9 36.2c37 2.1 147.9 2.1 184.9 0 35.9-1.7 67.7-9.9 93.9-36.2 26.2-26.2 34.4-58 36.2-93.9 2.1-37 2.1-147.8 0-184.8zM398.8 388c-7.8 19.6-22.9 34.7-42.6 42.6-29.5 11.7-99.5 9-132.1 9s-102.7 2.6-132.1-9c-19.6-7.8-34.7-22.9-42.6-42.6-11.7-29.5-9-99.5-9-132.1s-2.6-102.7 9-132.1c7.8-19.6 22.9-34.7 42.6-42.6 29.5-11.7 99.5-9 132.1-9s102.7-2.6 132.1 9c19.6 7.8 34.7 22.9 42.6 42.6 11.7 29.5 9 99.5 9 132.1s2.7 102.7-9 132.1z\"><\/path><\/svg>\t\t\t\t\t<\/a>\n\t\t\t\t<\/span>\n\t\t\t\t\t\t\t<span class=\"elementor-grid-item\" role=\"listitem\">\n\t\t\t\t\t<a class=\"elementor-icon elementor-social-icon elementor-social-icon-linkedin-in elementor-repeater-item-c5ff465\" target=\"_blank\">\n\t\t\t\t\t\t<span class=\"elementor-screen-only\">Linkedin-in<\/span>\n\t\t\t\t\t\t<svg aria-hidden=\"true\" class=\"e-font-icon-svg e-fab-linkedin-in\" viewBox=\"0 0 448 512\" xmlns=\"http:\/\/www.w3.org\/2000\/svg\"><path d=\"M100.28 448H7.4V148.9h92.88zM53.79 108.1C24.09 108.1 0 83.5 0 53.8a53.79 53.79 0 0 1 107.58 0c0 29.7-24.1 54.3-53.79 54.3zM447.9 448h-92.68V302.4c0-34.7-.7-79.2-48.29-79.2-48.29 0-55.69 37.7-55.69 76.7V448h-92.78V148.9h89.08v40.8h1.3c12.4-23.5 42.69-48.3 87.88-48.3 94 0 111.28 61.9 111.28 142.3V448z\"><\/path><\/svg>\t\t\t\t\t<\/a>\n\t\t\t\t<\/span>\n\t\t\t\t\t<\/div>\n\t\t\t\t\t\t<\/div>\n\t\t\t\t<\/div>\n\t\t\t\t\t<\/div>\n\t\t<\/div>\n\t\t\t\t<div class=\"elementor-column elementor-col-33 elementor-inner-column elementor-element elementor-element-168e3856 col-xl-7 col-lg-7 offset-lg-5 z-5\" data-id=\"168e3856\" data-element_type=\"column\" data-e-type=\"column\">\n\t\t\t<div class=\"mt-minus-xl md:mt-0 p-0 sectionHeading -left-line bg-dark py-48 px-48 md:py-20 md:px-20 elementor-widget-wrap elementor-element-populated\">\n\t\t\t\t\t\t<div class=\"elementor-element elementor-element-186e0ed6 elementor-widget elementor-widget-highlighted-heading\" data-id=\"186e0ed6\" data-element_type=\"widget\" data-e-type=\"widget\" data-widget_type=\"highlighted-heading.default\">\n\t\t\t\t<div class=\"elementor-widget-container\">\n\t\t\t\t\t<span class=\"highlighted-heading__title sectionHeading__subtitle text-white\">Forma e Kontaktit<\/span>\t\t\t\t<\/div>\n\t\t\t\t<\/div>\n\t\t\t\t<div class=\"elementor-element elementor-element-22a7f2d1 elementor-widget elementor-widget-highlighted-heading\" data-id=\"22a7f2d1\" data-element_type=\"widget\" data-e-type=\"widget\" data-widget_type=\"highlighted-heading.default\">\n\t\t\t\t<div class=\"elementor-widget-container\">\n\t\t\t\t\t<h2 class=\"highlighted-heading__title sectionHeading__title text-white\">D\u00ebrgo nj\u00eb Mesazh<\/h2>\t\t\t\t<\/div>\n\t\t\t\t<\/div>\n\t\t\t\t<div class=\"elementor-element elementor-element-e9e3c76 elementor-widget elementor-widget-wpforms\" data-id=\"e9e3c76\" data-element_type=\"widget\" data-e-type=\"widget\" data-widget_type=\"wpforms.default\">\n\t\t\t\t<div class=\"elementor-widget-container\">\n\t\t\t\t\t<div class=\"wpforms-container wpforms-render-modern\" id=\"wpforms-14990\"><form id=\"wpforms-form-14990\" class=\"wpforms-validate wpforms-form wpforms-ajax-form\" data-formid=\"14990\" method=\"post\" enctype=\"multipart\/form-data\" action=\"\/en\/wp-json\/wp\/v2\/pages\/13293\" data-token=\"af9f5f8933e775b8f5d53300c5e38575\" data-token-time=\"1775530786\"><noscript class=\"wpforms-error-noscript\">Please enable JavaScript in your browser to complete this form.<\/noscript><div id=\"wpforms-error-noscript\" style=\"display: none;\">Please enable JavaScript in your browser to complete this form.<\/div><div class=\"wpforms-field-container\"><div id=\"wpforms-14990-field_2-container\" class=\"wpforms-field wpforms-field-textarea col-12 contact-form mt-20\" data-field-id=\"2\"><label class=\"wpforms-field-label wpforms-label-hide\" for=\"wpforms-14990-field_2\" aria-hidden=\"false\">Message<\/label><textarea id=\"wpforms-14990-field_2\" class=\"wpforms-field-medium\" name=\"wpforms[fields][2]\" placeholder=\"Your Comment\" aria-errormessage=\"wpforms-14990-field_2-error\" ><\/textarea><\/div><div id=\"wpforms-14990-field_0-container\" class=\"wpforms-field wpforms-field-name col-12 mt-20 contact-form\" data-field-id=\"0\"><label class=\"wpforms-field-label wpforms-label-hide\" for=\"wpforms-14990-field_0\" aria-hidden=\"false\">userName<\/label><input type=\"text\" id=\"wpforms-14990-field_0\" class=\"wpforms-field-large\" name=\"wpforms[fields][0]\" placeholder=\"Your Name\" aria-errormessage=\"wpforms-14990-field_0-error\" ><\/div><div id=\"wpforms-14990-field_1-container\" class=\"wpforms-field wpforms-field-email col-12 mt-20 contact-form\" data-field-id=\"1\"><label class=\"wpforms-field-label wpforms-label-hide\" for=\"wpforms-14990-field_1\" aria-hidden=\"false\">Email <span class=\"wpforms-required-label\" aria-hidden=\"true\">*<\/span><\/label><input type=\"email\" id=\"wpforms-14990-field_1\" class=\"wpforms-field-large wpforms-field-required\" name=\"wpforms[fields][1]\" placeholder=\"Your Email\" spellcheck=\"false\" aria-errormessage=\"wpforms-14990-field_1-error\" required><\/div><div id=\"wpforms-14990-field_3-container\" class=\"wpforms-field wpforms-field-text col-12 mt-20 contact-form\" data-field-id=\"3\"><label class=\"wpforms-field-label wpforms-label-hide\" for=\"wpforms-14990-field_3\" aria-hidden=\"false\">Website Name<\/label><input type=\"text\" id=\"wpforms-14990-field_3\" class=\"wpforms-field-large\" name=\"wpforms[fields][3]\" placeholder=\"Website\" aria-errormessage=\"wpforms-14990-field_3-error\" ><\/div><\/div><!-- .wpforms-field-container --><div class=\"wpforms-submit-container\" ><input type=\"hidden\" name=\"wpforms[id]\" value=\"14990\"><input type=\"hidden\" name=\"page_title\" value=\"\"><input type=\"hidden\" name=\"page_url\" value=\"https:\/\/creativadesign.al\/en\/wp-json\/wp\/v2\/pages\/13293\"><input type=\"hidden\" name=\"url_referer\" value=\"\"><button type=\"submit\" name=\"wpforms[submit]\" id=\"wpforms-submit-14990\" class=\"wpforms-submit button -md -accent text-white mt-20\" data-alt-text=\"Sending...\" data-submit-text=\"SEND MESSAGE\" aria-live=\"assertive\" value=\"wpforms-submit\">SEND MESSAGE<\/button><img decoding=\"async\" src=\"https:\/\/creativadesign.al\/wp-content\/plugins\/wpforms-lite\/assets\/images\/submit-spin.svg\" class=\"wpforms-submit-spinner\" style=\"display: none;\" width=\"26\" height=\"26\" alt=\"Loading\"><\/div><\/form><\/div>  <!-- .wpforms-container -->\t\t\t\t<\/div>\n\t\t\t\t<\/div>\n\t\t\t\t<div class=\"elementor-element elementor-element-180e6e2b elementor-hidden-desktop elementor-hidden-tablet elementor-hidden-mobile elementor-widget elementor-widget-html\" data-id=\"180e6e2b\" data-element_type=\"widget\" data-e-type=\"widget\" data-widget_type=\"html.default\">\n\t\t\t\t<div class=\"elementor-widget-container\">\n\t\t\t\t\t<form class=\"-light row js-ajax-form\" action=\"#\" method=\"POST\" action=\"contact.php\" data-message-success=\"Your message has been sent! We will reply you as soon as possible.\" data-message-error=\"Something went wrong. Please contact me directly at <a href='info@creativa.al'>info@creativa.al<\/a>.\">\n                      <div class=\"col-12\">\n                        <div class=\"js-input-group\">\n                          <textarea name=\"message\" rows=\"5\" placeholder=\"Komentin Tuaj\"><\/textarea>\n                          <span class=\"form__error\"><\/span>\n                        <\/div>\n                      <\/div>\n                      <div class=\"col-12 mt-20\">\n                        <div class=\"js-input-group\">\n                          <input type=\"text\" name=\"name\" data-required placeholder=\"Emri Juaj\">\n                          <span class=\"form__error\"><\/span>\n                        <\/div>\n                      <\/div>\n                      <div class=\"col-12 mt-20\">\n                        <div class=\"js-input-group\">\n                          <input type=\"email\" name=\"email\" data-required placeholder=\"Emaili Juaj\">\n                          <span class=\"form__error\"><\/span>\n                        <\/div>\n                      <\/div>\n                      <div class=\"col-12 mt-20\">\n                        <div class=\"js-input-group\">\n                          <input type=\"text\" name=\"website\" placeholder=\"Website\">\n                        <\/div>\n                      <\/div>\n\n                      <div class=\"col-12 ajax-form-alert js-ajax-form-alert\">\n                        <div class=\"ajax-form-alert__content\"><\/div>\n                      <\/div>\n\n                      <div class=\"col-12 mt-32\">\n                        <button type=\"submit\" name=\"submit\" class=\"button -md -accent text-white\">\n                          D\u00cbRGO MESAZHIN\n\n\n\n\n\n\n\n                        <\/button>\n                      <\/div>\n                    <\/form>\t\t\t\t<\/div>\n\t\t\t\t<\/div>\n\t\t\t\t\t<\/div>\n\t\t<\/div>\n\t\t\t\t\t<\/div>\n\t\t<\/section>\n\t\t\t\t\t<\/div>\n\t\t<\/div>\n\t\t\t\t\t<\/div>\n\t\t<\/section>\n\t\t\t\t<\/div>\n\t\t","protected":false},"excerpt":{"rendered":"<p>Na kontaktoni Na kontaktoni Kontaktoni me Ne Jeni t\u00eb mir\u00ebpritur t\u00eb na kontaktoni m\u00eb posht\u00eb: Tel: +355 69 60 10 622 Adresa:Rruga Ibrahim Rugova 5,1010 Tirana,Albania e-mail:info@creativa.al Facebook-f Twitter Instagram Linkedin-in Forma e Kontaktit D\u00ebrgo nj\u00eb Mesazh Please enable JavaScript in your browser to complete this form.Please enable JavaScript in your browser to complete this [&hellip;]<\/p>\n","protected":false},"author":1,"featured_media":0,"parent":0,"menu_order":0,"comment_status":"closed","ping_status":"closed","template":"elementor_header_footer","meta":{"_acf_changed":false,"footnotes":""},"class_list":["post-13293","page","type-page","status-publish","hentry"],"acf":[],"aioseo_notices":[],"_links":{"self":[{"href":"https:\/\/creativadesign.al\/en\/wp-json\/wp\/v2\/pages\/13293","targetHints":{"allow":["GET"]}}],"collection":[{"href":"https:\/\/creativadesign.al\/en\/wp-json\/wp\/v2\/pages"}],"about":[{"href":"https:\/\/creativadesign.al\/en\/wp-json\/wp\/v2\/types\/page"}],"author":[{"embeddable":true,"href":"https:\/\/creativadesign.al\/en\/wp-json\/wp\/v2\/users\/1"}],"replies":[{"embeddable":true,"href":"https:\/\/creativadesign.al\/en\/wp-json\/wp\/v2\/comments?post=13293"}],"version-history":[{"count":39,"href":"https:\/\/creativadesign.al\/en\/wp-json\/wp\/v2\/pages\/13293\/revisions"}],"predecessor-version":[{"id":15009,"href":"https:\/\/creativadesign.al\/en\/wp-json\/wp\/v2\/pages\/13293\/revisions\/15009"}],"wp:attachment":[{"href":"https:\/\/creativadesign.al\/en\/wp-json\/wp\/v2\/media?parent=13293"}],"curies":[{"name":"wp","href":"https:\/\/api.w.org\/{rel}","templated":true}]}}