{"id":13576,"date":"2022-04-09T08:45:42","date_gmt":"2022-04-09T08:45:42","guid":{"rendered":"https:\/\/hellixdemos.madrasthemes.com\/services-single\/?page_id=13252"},"modified":"2026-03-26T12:35:35","modified_gmt":"2026-03-26T12:35:35","slug":"sherbimet-tona","status":"publish","type":"page","link":"https:\/\/creativadesign.al\/en\/sherbimet-tona\/","title":{"rendered":"Services"},"content":{"rendered":"<div data-elementor-type=\"wp-page\" data-elementor-id=\"13576\" class=\"elementor elementor-13576\">\n\t\t\t\t\t\t<section class=\"elementor-section elementor-top-section elementor-element elementor-element-2b114cb0 elementor-section-full_width page-masthead bg-image js-lazy loaded page-masthead__bg elementor-section-height-default elementor-section-height-default\" data-id=\"2b114cb0\" data-element_type=\"section\" data-e-type=\"section\" data-settings=\"{&quot;background_background&quot;:&quot;classic&quot;}\" data-parallax=\"0.6\">\n\t\t\t\t\t\t<div class=\"elementor-container elementor-column-gap-default container\">\n\t\t\t\t\t<div class=\"elementor-column elementor-col-100 elementor-top-column elementor-element elementor-element-685865c3\" data-id=\"685865c3\" data-element_type=\"column\" data-e-type=\"column\">\n\t\t\t<div class=\"p-0 page-masthead__content elementor-widget-wrap elementor-element-populated\">\n\t\t\t\t\t\t<div class=\"elementor-section elementor-inner-section elementor-element elementor-element-8c20ca6 elementor-section-full_width elementor-section-height-default elementor-section-height-default\" data-id=\"8c20ca6\" data-element_type=\"section\" data-e-type=\"section\">\n\t\t\t\t\t\t<div class=\"elementor-container elementor-column-gap-default row justify-content-between md:justify-content-center align-items-center row-margin\">\n\t\t\t\t\t<div class=\"elementor-column elementor-col-100 elementor-inner-column elementor-element elementor-element-2066d504 col-lg-9 col-md-10\" data-id=\"2066d504\" data-element_type=\"column\" data-e-type=\"column\" data-anim=\"slide-up delay-1\">\n\t\t\t<div class=\"p-0 elementor-widget-wrap elementor-element-populated\">\n\t\t\t\t\t\t<div class=\"elementor-element elementor-element-4d740f8c position-static elementor-widget elementor-widget-highlighted-heading\" data-id=\"4d740f8c\" data-element_type=\"widget\" data-e-type=\"widget\" data-widget_type=\"highlighted-heading.default\">\n\t\t\t\t<div class=\"elementor-widget-container\">\n\t\t\t\t\t<div class=\"highlighted-heading__title page-masthead__back_title\">Our Services<\/div>\t\t\t\t<\/div>\n\t\t\t\t<\/div>\n\t\t\t\t<div class=\"elementor-element elementor-element-409201ff elementor-widget elementor-widget-highlighted-heading\" data-id=\"409201ff\" data-element_type=\"widget\" data-e-type=\"widget\" data-widget_type=\"highlighted-heading.default\">\n\t\t\t\t<div class=\"elementor-widget-container\">\n\t\t\t\t\t<h1 class=\"highlighted-heading__title page-masthead__title text-white\">Our Services<\/h1>\t\t\t\t<\/div>\n\t\t\t\t<\/div>\n\t\t\t\t\t<\/div>\n\t\t<\/div>\n\t\t\t\t\t<\/div>\n\t\t<\/div>\n\t\t\t\t\t<\/div>\n\t\t<\/div>\n\t\t\t\t\t<\/div>\n\t\t<\/section>\n\t\t\t\t<section class=\"elementor-section elementor-top-section elementor-element elementor-element-5571bd84 elementor-section-full_width layout-pt-md layout-pb-md container  elementor-section-height-default elementor-section-height-default\" data-id=\"5571bd84\" data-element_type=\"section\" data-e-type=\"section\">\n\t\t\t\t\t\t<div class=\"elementor-container elementor-column-gap-default tabs -section js-tabs row y-gap-48 row-margin\">\n\t\t\t\t\t<div class=\"elementor-column elementor-col-50 elementor-top-column elementor-element elementor-element-64034ab4 col-xl-3 col-lg-4\" data-id=\"64034ab4\" data-element_type=\"column\" data-e-type=\"column\">\n\t\t\t<div class=\"p-0 tabs__controls js-tabs-controls elementor-widget-wrap elementor-element-populated\">\n\t\t\t\t\t\t<div class=\"elementor-element elementor-element-648b28c0 elementor-widget__width-initial elementor-widget elementor-widget-tabs\" data-id=\"648b28c0\" data-element_type=\"widget\" data-e-type=\"widget\" data-widget_type=\"tabs.tabs-services\">\n\t\t\t\t<div class=\"elementor-widget-container\">\n\t\t\t\t\t\t\t<div class=\"tabs__controls js-tabs-controls\">\n\t\t\t\t\t\t\t\t\t\t\t<button class=\"tabs__button col-12 is-active\" data-tab-target=\".-demo\" type=\"button\" id=\"521a4891\">\n\t\t\t\t<div class=\"hx-tab-svg d-inline\">\n\t\t\t\t\t\t\t\t\t\t\t<i class=\"icon icon-pencil hx_icon-color text-xl text-accent\"><\/i>\n\t\t\t\t\t\t\t\t\t<\/div>\n\t\t\t\t\t<span class=\"hx-tabs__title ml-16\">Planning<\/span>\n\t\t\t\t<\/button>\n\t\t\t\t\t\t\t\t\t\t\t<button class=\"tabs__button col-12 mt-20\" data-tab-target=\".-demo2\" type=\"button\" id=\"297f5ba2\">\n\t\t\t\t<div class=\"hx-tab-svg d-inline\">\n\t\t\t\t\t\t\t\t\t\t\t<i class=\"icon icon-rocket hx_icon-color text-xl text-accent\"><\/i>\n\t\t\t\t\t\t\t\t\t<\/div>\n\t\t\t\t\t<span class=\"hx-tabs__title ml-16\">Architecture<\/span>\n\t\t\t\t<\/button>\n\t\t\t\t\t\t\t\t\t\t\t<button class=\"tabs__button col-12 mt-20\" data-tab-target=\".-demo3\" type=\"button\" id=\"d26c4013\">\n\t\t\t\t<div class=\"hx-tab-svg d-inline\">\n\t\t\t\t\t\t\t\t\t\t\t<i class=\"icon icon-cube hx_icon-color text-xl text-accent\"><\/i>\n\t\t\t\t\t\t\t\t\t<\/div>\n\t\t\t\t\t<span class=\"hx-tabs__title ml-16\">Construction<\/span>\n\t\t\t\t<\/button>\n\t\t\t\t\t\t\t\t\t\t\t<button class=\"tabs__button col-12 mt-20\" data-tab-target=\".-demo4\" type=\"button\" id=\"4dd2c5d4\">\n\t\t\t\t<div class=\"hx-tab-svg d-inline\">\n\t\t\t\t\t\t\t\t\t\t\t<i class=\"icon icon-idea hx_icon-color text-xl text-accent\"><\/i>\n\t\t\t\t\t\t\t\t\t<\/div>\n\t\t\t\t\t<span class=\"hx-tabs__title ml-16\">Interior<\/span>\n\t\t\t\t<\/button>\n\t\t\t\t\t<\/div>\n\t\t\t\t\t\t<\/div>\n\t\t\t\t<\/div>\n\t\t\t\t\t<\/div>\n\t\t<\/div>\n\t\t\t\t<div class=\"elementor-column elementor-col-50 elementor-top-column elementor-element elementor-element-89b6de5 col-xl-9 col-lg-8\" data-id=\"89b6de5\" data-element_type=\"column\" data-e-type=\"column\">\n\t\t\t<div class=\"p-0 tabs__content js-tabs-content elementor-widget-wrap elementor-element-populated\">\n\t\t\t\t\t\t<div class=\"elementor-section elementor-inner-section elementor-element elementor-element-a4c56a2 elementor-section-full_width tabs__pane -demo is-active elementor-section-height-default elementor-section-height-default\" data-id=\"a4c56a2\" data-element_type=\"section\" data-e-type=\"section\">\n\t\t\t\t\t\t<div class=\"elementor-container elementor-column-gap-default\">\n\t\t\t\t\t<div class=\"elementor-column elementor-col-100 elementor-inner-column elementor-element elementor-element-6315b622\" data-id=\"6315b622\" data-element_type=\"column\" data-e-type=\"column\">\n\t\t\t<div class=\"p-0 elementor-widget-wrap elementor-element-populated\">\n\t\t\t\t\t\t<div class=\"elementor-element elementor-element-54418ee0 elementor-widget elementor-widget-highlighted-heading\" data-id=\"54418ee0\" data-element_type=\"widget\" data-e-type=\"widget\" data-widget_type=\"highlighted-heading.default\">\n\t\t\t\t<div class=\"elementor-widget-container\">\n\t\t\t\t\t<div class=\"highlighted-heading__title text-sm text-accent uppercase\">PLANNING<\/div>\t\t\t\t<\/div>\n\t\t\t\t<\/div>\n\t\t\t\t<div class=\"elementor-element elementor-element-15810f93 elementor-widget elementor-widget-highlighted-heading\" data-id=\"15810f93\" data-element_type=\"widget\" data-e-type=\"widget\" data-widget_type=\"highlighted-heading.default\">\n\t\t\t\t<div class=\"elementor-widget-container\">\n\t\t\t\t\t<h4 class=\"highlighted-heading__title text-2xl fw-600 mt-8 mb-0\">Why is the planning and organization of the area important before architectural design?<\/h4>\t\t\t\t<\/div>\n\t\t\t\t<\/div>\n\t\t\t\t<div class=\"elementor-element elementor-element-45527009 elementor-widget elementor-widget-highlighted-heading\" data-id=\"45527009\" data-element_type=\"widget\" data-e-type=\"widget\" data-widget_type=\"highlighted-heading.default\">\n\t\t\t\t<div class=\"elementor-widget-container\">\n\t\t\t\t\t<p class=\"highlighted-heading__title mt-20 mb-0\">Planning and organizing the area before architectural design is essential to ensure that architectural interventions are functional, aesthetic, and sustainable. <br><br>Here are some reasons why this process is so important: <br> <br><b> 1. \u201cProper use of space <\/b><br>Planning helps to understand how the space can be organized optimally for different functions, avoiding its incorrect or insufficient use. <br> <b>2. Compliance with regulations and laws<\/b> <\/br>An early analysis of the area ensures that the project complies with urban, construction, and environmental regulations, avoiding potential delays or fines.<br> <b> 3. Integration with the surrounding environment<\/b><\/br> Organizing the area helps harmonize the new structure with nature, topography, and existing infrastructure, preserving aesthetics and respecting the ecosystem. <br><b> 4. Sustainability and energy efficiency<\/b> <br> The strategic placement of the building based on orientation, natural lighting, and climatic factors can reduce energy consumption and increase sustainability. <br> <b>5. Functional connectivity <\/b><br> Planning the area ensures that all elements (such as roads, entrances, green spaces, and buildings) are functionally connected and create a natural flow for users. <br> <b> 6. Anticipation of technical challenges<\/b> <br>Proper organization helps identify technical challenges (such as terrain slope, underground water, or access to infrastructure networks) that may affect the design. <br><b> 7. Increasing property value<\/b><br> A well-planned and organized area not only enhances functionality but also increases the aesthetic and economic value of the property.<\/p>\t\t\t\t<\/div>\n\t\t\t\t<\/div>\n\t\t\t\t\t<\/div>\n\t\t<\/div>\n\t\t\t\t\t<\/div>\n\t\t<\/div>\n\t\t\t\t<div class=\"elementor-section elementor-inner-section elementor-element elementor-element-2824ea00 elementor-section-full_width tabs__pane -demo2 elementor-section-height-default elementor-section-height-default\" data-id=\"2824ea00\" data-element_type=\"section\" data-e-type=\"section\">\n\t\t\t\t\t\t<div class=\"elementor-container elementor-column-gap-default\">\n\t\t\t\t\t<div class=\"elementor-column elementor-col-100 elementor-inner-column elementor-element elementor-element-4af3431c\" data-id=\"4af3431c\" data-element_type=\"column\" data-e-type=\"column\">\n\t\t\t<div class=\"p-0 elementor-widget-wrap elementor-element-populated\">\n\t\t\t\t\t\t<div class=\"elementor-element elementor-element-e968f54 elementor-widget elementor-widget-highlighted-heading\" data-id=\"e968f54\" data-element_type=\"widget\" data-e-type=\"widget\" data-widget_type=\"highlighted-heading.default\">\n\t\t\t\t<div class=\"elementor-widget-container\">\n\t\t\t\t\t<div class=\"highlighted-heading__title text-sm text-accent uppercase\">Architecture<\/div>\t\t\t\t<\/div>\n\t\t\t\t<\/div>\n\t\t\t\t<div class=\"elementor-element elementor-element-4958323e elementor-widget elementor-widget-highlighted-heading\" data-id=\"4958323e\" data-element_type=\"widget\" data-e-type=\"widget\" data-widget_type=\"highlighted-heading.default\">\n\t\t\t\t<div class=\"elementor-widget-container\">\n\t\t\t\t\t<h4 class=\"highlighted-heading__title text-2xl fw-600 mt-8 mb-0\">What is Architecture?<\/h4>\t\t\t\t<\/div>\n\t\t\t\t<\/div>\n\t\t\t\t<div class=\"elementor-element elementor-element-69b87fe3 elementor-widget elementor-widget-highlighted-heading\" data-id=\"69b87fe3\" data-element_type=\"widget\" data-e-type=\"widget\" data-widget_type=\"highlighted-heading.default\">\n\t\t\t\t<div class=\"elementor-widget-container\">\n\t\t\t\t\t<p class=\"highlighted-heading__title mt-20 mb-0\">Architecture is the art and science of designing and constructing buildings and spaces, reflecting the functional, aesthetic, and technological needs of society. It involves creating structures that not only fulfill practical purposes but also inspire, preserve culture, and interact with both the natural and built environment.<br> <br> The main elements of architecture: <br><b> Aesthetics<\/b> \u2013 The creation of shapes and visual details that provide harmony and beauty.<br><b> Functionality<\/b> \u2013 Designing spaces that fulfill the practical needs of users.<br><b> Construction <\/b> \u2013 Selecting materials and technologies to ensure durability and safety.<br><b> Context <\/b>\u2013 Harmony with the surrounding environment and cultural heritage. <br><b>Innovation<\/b> \u2013 Implementing new technologies and methods to address modern challenges. <br><br> Architecture encompasses everything, from the design of simple buildings to complex structures such as skyscrapers, bridges, and cities. It is a discipline that directly impacts quality of life, shaping the way we live, work, and interact with the spaces around us.<\/p>\t\t\t\t<\/div>\n\t\t\t\t<\/div>\n\t\t\t\t\t<\/div>\n\t\t<\/div>\n\t\t\t\t\t<\/div>\n\t\t<\/div>\n\t\t\t\t<div class=\"elementor-section elementor-inner-section elementor-element elementor-element-738eb316 elementor-section-full_width tabs__pane -demo3 elementor-section-height-default elementor-section-height-default\" data-id=\"738eb316\" data-element_type=\"section\" data-e-type=\"section\">\n\t\t\t\t\t\t<div class=\"elementor-container elementor-column-gap-default\">\n\t\t\t\t\t<div class=\"elementor-column elementor-col-100 elementor-inner-column elementor-element elementor-element-798ba5ce\" data-id=\"798ba5ce\" data-element_type=\"column\" data-e-type=\"column\">\n\t\t\t<div class=\"p-0 elementor-widget-wrap elementor-element-populated\">\n\t\t\t\t\t\t<div class=\"elementor-element elementor-element-e587fc9 elementor-widget elementor-widget-highlighted-heading\" data-id=\"e587fc9\" data-element_type=\"widget\" data-e-type=\"widget\" data-widget_type=\"highlighted-heading.default\">\n\t\t\t\t<div class=\"elementor-widget-container\">\n\t\t\t\t\t<div class=\"highlighted-heading__title text-sm text-accent uppercase\">Construction<\/div>\t\t\t\t<\/div>\n\t\t\t\t<\/div>\n\t\t\t\t<div class=\"elementor-element elementor-element-e0e0336 elementor-widget elementor-widget-highlighted-heading\" data-id=\"e0e0336\" data-element_type=\"widget\" data-e-type=\"widget\" data-widget_type=\"highlighted-heading.default\">\n\t\t\t\t<div class=\"elementor-widget-container\">\n\t\t\t\t\t<h4 class=\"highlighted-heading__title text-2xl fw-600 mt-8 mb-0\">What is Construction?<\/h4>\t\t\t\t<\/div>\n\t\t\t\t<\/div>\n\t\t\t\t<div class=\"elementor-element elementor-element-5d5c49f8 elementor-widget elementor-widget-highlighted-heading\" data-id=\"5d5c49f8\" data-element_type=\"widget\" data-e-type=\"widget\" data-widget_type=\"highlighted-heading.default\">\n\t\t\t\t<div class=\"elementor-widget-container\">\n\t\t\t\t\t<p class=\"highlighted-heading__title mt-16 mb-0\">Construction is a fundamental aspect of architecture and involves the process of selecting materials and technologies for building structures that are safe, functional, and durable. It requires balancing multiple factors such as strength, durability, aesthetics, and environmental impact.<br> <br> Innovations in Construction <br>Innovations in construction are transforming the industry. Examples include 3D printing of buildings, which allows for faster and more cost-effective construction; smart materials, such as self-healing concrete; and the use of robotics and automation to improve precision and safety. <br><br> Construction is not just a physical process; it is a comprehensive approach that combines technology, creativity, and responsibility to create structures that are safe, functional, and sustainable for future generations.<\/p>\t\t\t\t<\/div>\n\t\t\t\t<\/div>\n\t\t\t\t\t<\/div>\n\t\t<\/div>\n\t\t\t\t\t<\/div>\n\t\t<\/div>\n\t\t\t\t<div class=\"elementor-section elementor-inner-section elementor-element elementor-element-2ad7c865 elementor-section-full_width tabs__pane -demo4 elementor-section-height-default elementor-section-height-default\" data-id=\"2ad7c865\" data-element_type=\"section\" data-e-type=\"section\">\n\t\t\t\t\t\t<div class=\"elementor-container elementor-column-gap-default\">\n\t\t\t\t\t<div class=\"elementor-column elementor-col-100 elementor-inner-column elementor-element elementor-element-47955d1f\" data-id=\"47955d1f\" data-element_type=\"column\" data-e-type=\"column\">\n\t\t\t<div class=\"p-0 elementor-widget-wrap elementor-element-populated\">\n\t\t\t\t\t\t<div class=\"elementor-element elementor-element-e0bdf4b elementor-widget elementor-widget-highlighted-heading\" data-id=\"e0bdf4b\" data-element_type=\"widget\" data-e-type=\"widget\" data-widget_type=\"highlighted-heading.default\">\n\t\t\t\t<div class=\"elementor-widget-container\">\n\t\t\t\t\t<div class=\"highlighted-heading__title text-sm text-accent uppercase\">INTERIOR<\/div>\t\t\t\t<\/div>\n\t\t\t\t<\/div>\n\t\t\t\t<div class=\"elementor-element elementor-element-15dbe6f2 elementor-widget elementor-widget-highlighted-heading\" data-id=\"15dbe6f2\" data-element_type=\"widget\" data-e-type=\"widget\" data-widget_type=\"highlighted-heading.default\">\n\t\t\t\t<div class=\"elementor-widget-container\">\n\t\t\t\t\t<h4 class=\"highlighted-heading__title text-2xl fw-600 mt-8 mb-0\">Why is Interior Design Important with an Architect?<\/h4>\t\t\t\t<\/div>\n\t\t\t\t<\/div>\n\t\t\t\t<div class=\"elementor-element elementor-element-772af9f5 elementor-widget elementor-widget-highlighted-heading\" data-id=\"772af9f5\" data-element_type=\"widget\" data-e-type=\"widget\" data-widget_type=\"highlighted-heading.default\">\n\t\t\t\t<div class=\"elementor-widget-container\">\n\t\t\t\t\t<p class=\"highlighted-heading__title mt-16 mb-0\">Interior design with the help of an architect is essential because it ensures a harmonized approach between structure and aesthetics. <br><br> Here are some reasons why it is important: <br> <br>    Optimal functionality: <br> The architect helps organize spaces so that they are not only beautiful but also practical for daily use.  <br>    Smart use of space:<br> A professional can utilize every corner of the space to make it efficient and suitable for the users\u2019 needs.   <br>   Aesthetic harmony: The architect ensures that the interior style aligns with the building\u2019s architecture, creating a natural visual and sensory flow.  <br>    Selection of materials and details: An architect\u2019s expertise helps in choosing high-quality, durable materials that are suitable for the purpose of the space.<\/p>\t\t\t\t<\/div>\n\t\t\t\t<\/div>\n\t\t\t\t\t<\/div>\n\t\t<\/div>\n\t\t\t\t\t<\/div>\n\t\t<\/div>\n\t\t\t\t\t<\/div>\n\t\t<\/div>\n\t\t\t\t\t<\/div>\n\t\t<\/section>\n\t\t<div class=\"elementor-element elementor-element-aabaf77 e-flex e-con-boxed e-con e-parent\" data-id=\"aabaf77\" data-element_type=\"container\" data-e-type=\"container\">\n\t\t\t\t\t<div class=\"e-con-inner\">\n\t\t\t\t\t<\/div>\n\t\t\t\t<\/div>\n\t\t\t\t<\/div>","protected":false},"excerpt":{"rendered":"<p>Sh\u00ebrbimet tona Sh\u00ebrbimet tona Planifikim Arkitektur\u00eb Konstruksion Interier PLANIFIKIM P\u00ebrse \u00ebsht\u00eb i r\u00ebndesish\u00ebm planifikimi dhe sistemimi i zon\u00ebs p\u00ebrpara projektimit arkitektonik.? Planifikimi dhe sistemimi i zon\u00ebs p\u00ebrpara projektimit arkitektonik \u00ebsht\u00eb thelb\u00ebsor p\u00ebr t\u00eb siguruar q\u00eb nd\u00ebrhyrjet arkitektonike t\u00eb jen\u00eb funksionale, estetike dhe t\u00eb q\u00ebndrueshme. Ja disa arsye pse ky proces \u00ebsht\u00eb kaq i r\u00ebnd\u00ebsish\u00ebm: 1. [&hellip;]<\/p>\n","protected":false},"author":1,"featured_media":0,"parent":0,"menu_order":0,"comment_status":"closed","ping_status":"closed","template":"elementor_header_footer","meta":{"_acf_changed":false,"footnotes":""},"class_list":["post-13576","page","type-page","status-publish","hentry"],"acf":[],"aioseo_notices":[],"_links":{"self":[{"href":"https:\/\/creativadesign.al\/en\/wp-json\/wp\/v2\/pages\/13576","targetHints":{"allow":["GET"]}}],"collection":[{"href":"https:\/\/creativadesign.al\/en\/wp-json\/wp\/v2\/pages"}],"about":[{"href":"https:\/\/creativadesign.al\/en\/wp-json\/wp\/v2\/types\/page"}],"author":[{"embeddable":true,"href":"https:\/\/creativadesign.al\/en\/wp-json\/wp\/v2\/users\/1"}],"replies":[{"embeddable":true,"href":"https:\/\/creativadesign.al\/en\/wp-json\/wp\/v2\/comments?post=13576"}],"version-history":[{"count":185,"href":"https:\/\/creativadesign.al\/en\/wp-json\/wp\/v2\/pages\/13576\/revisions"}],"predecessor-version":[{"id":15190,"href":"https:\/\/creativadesign.al\/en\/wp-json\/wp\/v2\/pages\/13576\/revisions\/15190"}],"wp:attachment":[{"href":"https:\/\/creativadesign.al\/en\/wp-json\/wp\/v2\/media?parent=13576"}],"curies":[{"name":"wp","href":"https:\/\/api.w.org\/{rel}","templated":true}]}}